{"id":46124,"date":"2025-02-25T17:37:27","date_gmt":"2025-02-25T16:37:27","guid":{"rendered":"https:\/\/hybridsoftware.com\/rip\/"},"modified":"2025-08-04T17:32:03","modified_gmt":"2025-08-04T15:32:03","slug":"rip","status":"publish","type":"page","link":"https:\/\/hybridsoftware.com\/it\/rip\/","title":{"rendered":"RIP"},"content":{"rendered":"","protected":false},"excerpt":{"rendered":"","protected":false},"author":2,"featured_media":52050,"parent":0,"menu_order":101,"comment_status":"closed","ping_status":"closed","template":"","meta":{"_acf_changed":false,"_seopress_robots_primary_cat":"","_seopress_titles_title":"Raggiungi una velocit\u00e0 senza pari con la tecnologia RIP ad alta velocit\u00e0","_seopress_titles_desc":"Sperimenta velocit\u00e0 e controllo ineguagliabili con la nostra tecnologia RIP veloce e multi-thread per qualsiasi macchina da stampa digitale. Ottimizza il tuo flusso di lavoro con l'integrazione CLOUDFLOW.","_seopress_robots_index":"","footnotes":""},"class_list":["post-46124","page","type-page","status-publish","has-post-thumbnail","hentry"],"acf":[],"_links":{"self":[{"href":"https:\/\/hybridsoftware.com\/it\/wp-json\/wp\/v2\/pages\/46124","targetHints":{"allow":["GET"]}}],"collection":[{"href":"https:\/\/hybridsoftware.com\/it\/wp-json\/wp\/v2\/pages"}],"about":[{"href":"https:\/\/hybridsoftware.com\/it\/wp-json\/wp\/v2\/types\/page"}],"author":[{"embeddable":true,"href":"https:\/\/hybridsoftware.com\/it\/wp-json\/wp\/v2\/users\/2"}],"replies":[{"embeddable":true,"href":"https:\/\/hybridsoftware.com\/it\/wp-json\/wp\/v2\/comments?post=46124"}],"version-history":[{"count":0,"href":"https:\/\/hybridsoftware.com\/it\/wp-json\/wp\/v2\/pages\/46124\/revisions"}],"wp:featuredmedia":[{"embeddable":true,"href":"https:\/\/hybridsoftware.com\/it\/wp-json\/wp\/v2\/media\/52050"}],"wp:attachment":[{"href":"https:\/\/hybridsoftware.com\/it\/wp-json\/wp\/v2\/media?parent=46124"}],"curies":[{"name":"wp","href":"https:\/\/api.w.org\/{rel}","templated":true}]}}