{"id":58136,"date":"2026-05-08T19:11:25","date_gmt":"2026-05-08T17:11:25","guid":{"rendered":"https:\/\/hybridsoftware.com\/automatisez-la-serialisation-des-codes-barres-pour-amazon-transparency\/"},"modified":"2026-05-08T19:11:25","modified_gmt":"2026-05-08T17:11:25","slug":"automatisez-la-serialisation-des-codes-barres-pour-amazon-transparency","status":"publish","type":"page","link":"https:\/\/hybridsoftware.com\/fr\/automatisez-la-serialisation-des-codes-barres-pour-amazon-transparency\/","title":{"rendered":"Automatisez la s\u00e9rialisation des codes-barres pour Amazon Transparency"},"content":{"rendered":"","protected":false},"excerpt":{"rendered":"","protected":false},"author":2,"featured_media":0,"parent":0,"menu_order":109,"comment_status":"closed","ping_status":"closed","template":"","meta":{"_acf_changed":false,"_seopress_robots_primary_cat":"","_seopress_titles_title":"Automatisez la s\u00e9rialisation des codes-barres pour Amazon Transparency","_seopress_titles_desc":"Prenez le contr\u00f4le de la s\u00e9rialisation de vos codes-barres pour Amazon Transparency et GS1 Sunrise avec Hybrid Software. Gr\u00e2ce \u00e0 notre gamme robuste de produits pour la gestion des artwork, le pr\u00e9presse et les workflows de production, g\u00e9n\u00e9rez, g\u00e9rez et imprimez en toute fluidit\u00e9 des codes-barres Amazon Transparency \u00e0 l\u2019\u00e9chelle de l\u2019entreprise.","_seopress_robots_index":"","footnotes":""},"class_list":["post-58136","page","type-page","status-publish","hentry"],"acf":[],"_links":{"self":[{"href":"https:\/\/hybridsoftware.com\/fr\/wp-json\/wp\/v2\/pages\/58136","targetHints":{"allow":["GET"]}}],"collection":[{"href":"https:\/\/hybridsoftware.com\/fr\/wp-json\/wp\/v2\/pages"}],"about":[{"href":"https:\/\/hybridsoftware.com\/fr\/wp-json\/wp\/v2\/types\/page"}],"author":[{"embeddable":true,"href":"https:\/\/hybridsoftware.com\/fr\/wp-json\/wp\/v2\/users\/2"}],"replies":[{"embeddable":true,"href":"https:\/\/hybridsoftware.com\/fr\/wp-json\/wp\/v2\/comments?post=58136"}],"version-history":[{"count":0,"href":"https:\/\/hybridsoftware.com\/fr\/wp-json\/wp\/v2\/pages\/58136\/revisions"}],"wp:attachment":[{"href":"https:\/\/hybridsoftware.com\/fr\/wp-json\/wp\/v2\/media?parent=58136"}],"curies":[{"name":"wp","href":"https:\/\/api.w.org\/{rel}","templated":true}]}}