{"id":57096,"date":"2026-02-13T19:05:48","date_gmt":"2026-02-13T18:05:48","guid":{"rendered":"https:\/\/hybridsoftware.com\/jaimes\/"},"modified":"2026-03-23T17:18:10","modified_gmt":"2026-03-23T16:18:10","slug":"jaimes","status":"publish","type":"page","link":"https:\/\/hybridsoftware.com\/fr\/jaimes\/","title":{"rendered":"jAImes"},"content":{"rendered":"","protected":false},"excerpt":{"rendered":"","protected":false},"author":2,"featured_media":52031,"parent":0,"menu_order":101,"comment_status":"closed","ping_status":"closed","template":"","meta":{"_acf_changed":false,"_seopress_robots_primary_cat":"","_seopress_titles_title":"jAImes - Automatisation pilot\u00e9e par l\u2019IA pour les op\u00e9rations d\u2019impression et d\u2019emballage","_seopress_titles_desc":"jAImes agit comme un agent IA, plac\u00e9 entre votre bo\u00eete de r\u00e9ception encombr\u00e9e et votre flux de travail parfaitement synchronis\u00e9. Il g\u00e8re intelligemment les messages complexes et les pi\u00e8ces jointes de diff\u00e9rents formats, en extrayant les donn\u00e9es et en am\u00e9liorant leur qualit\u00e9 afin de r\u00e9pondre aux normes requises pour votre ERP bas\u00e9 sur une logique m\u00e9tier et votre portail interne de workflow.","_seopress_robots_index":"","footnotes":""},"class_list":["post-57096","page","type-page","status-publish","has-post-thumbnail","hentry"],"acf":[],"_links":{"self":[{"href":"https:\/\/hybridsoftware.com\/fr\/wp-json\/wp\/v2\/pages\/57096","targetHints":{"allow":["GET"]}}],"collection":[{"href":"https:\/\/hybridsoftware.com\/fr\/wp-json\/wp\/v2\/pages"}],"about":[{"href":"https:\/\/hybridsoftware.com\/fr\/wp-json\/wp\/v2\/types\/page"}],"author":[{"embeddable":true,"href":"https:\/\/hybridsoftware.com\/fr\/wp-json\/wp\/v2\/users\/2"}],"replies":[{"embeddable":true,"href":"https:\/\/hybridsoftware.com\/fr\/wp-json\/wp\/v2\/comments?post=57096"}],"version-history":[{"count":1,"href":"https:\/\/hybridsoftware.com\/fr\/wp-json\/wp\/v2\/pages\/57096\/revisions"}],"predecessor-version":[{"id":57283,"href":"https:\/\/hybridsoftware.com\/fr\/wp-json\/wp\/v2\/pages\/57096\/revisions\/57283"}],"wp:featuredmedia":[{"embeddable":true,"href":"https:\/\/hybridsoftware.com\/fr\/wp-json\/wp\/v2\/media\/52031"}],"wp:attachment":[{"href":"https:\/\/hybridsoftware.com\/fr\/wp-json\/wp\/v2\/media?parent=57096"}],"curies":[{"name":"wp","href":"https:\/\/api.w.org\/{rel}","templated":true}]}}