{"id":46835,"date":"2024-12-22T17:59:03","date_gmt":"2024-12-22T16:59:03","guid":{"rendered":"https:\/\/hybridsoftware.com\/blog\/"},"modified":"2025-05-29T17:06:53","modified_gmt":"2025-05-29T15:06:53","slug":"blog","status":"publish","type":"page","link":"https:\/\/hybridsoftware.com\/fr\/blog\/","title":{"rendered":"Blog"},"content":{"rendered":"","protected":false},"excerpt":{"rendered":"","protected":false},"author":1,"featured_media":0,"parent":0,"menu_order":124,"comment_status":"closed","ping_status":"closed","template":"","meta":{"_acf_changed":false,"_seopress_robots_primary_cat":"","_seopress_titles_title":"Informations et mises \u00e0 jour sur les solutions de pr\u00e9presse et d'impression %%sep%% %%sitetitle%%","_seopress_titles_desc":"Restez inform\u00e9 des derni\u00e8res id\u00e9es, nouvelles et mises \u00e0 jour du blog de HYBRID Software, qui couvre des sujets sur les flux de travail pr\u00e9presse, les technologies d'impression et les tendances de l'industrie.","_seopress_robots_index":"","footnotes":""},"class_list":["post-46835","page","type-page","status-publish","hentry"],"acf":[],"_links":{"self":[{"href":"https:\/\/hybridsoftware.com\/fr\/wp-json\/wp\/v2\/pages\/46835","targetHints":{"allow":["GET"]}}],"collection":[{"href":"https:\/\/hybridsoftware.com\/fr\/wp-json\/wp\/v2\/pages"}],"about":[{"href":"https:\/\/hybridsoftware.com\/fr\/wp-json\/wp\/v2\/types\/page"}],"author":[{"embeddable":true,"href":"https:\/\/hybridsoftware.com\/fr\/wp-json\/wp\/v2\/users\/1"}],"replies":[{"embeddable":true,"href":"https:\/\/hybridsoftware.com\/fr\/wp-json\/wp\/v2\/comments?post=46835"}],"version-history":[{"count":0,"href":"https:\/\/hybridsoftware.com\/fr\/wp-json\/wp\/v2\/pages\/46835\/revisions"}],"wp:attachment":[{"href":"https:\/\/hybridsoftware.com\/fr\/wp-json\/wp\/v2\/media?parent=46835"}],"curies":[{"name":"wp","href":"https:\/\/api.w.org\/{rel}","templated":true}]}}