{"id":46674,"date":"2025-02-24T10:11:59","date_gmt":"2025-02-24T09:11:59","guid":{"rendered":"https:\/\/hybridsoftware.com\/temoignages\/"},"modified":"2025-04-13T13:43:55","modified_gmt":"2025-04-13T11:43:55","slug":"temoignages","status":"publish","type":"page","link":"https:\/\/hybridsoftware.com\/fr\/temoignages\/","title":{"rendered":"T\u00e9moignages"},"content":{"rendered":"","protected":false},"excerpt":{"rendered":"","protected":false},"author":1,"featured_media":0,"parent":0,"menu_order":131,"comment_status":"closed","ping_status":"closed","template":"","meta":{"_acf_changed":false,"_seopress_robots_primary_cat":"","_seopress_titles_title":"T\u00e9moignages : T\u00e9moignages de nos clients satisfaits %%sep%% %%sitetitle%%","_seopress_titles_desc":"D\u00e9couvrez les t\u00e9moignages des clients internationaux d'HYBRID Software, qui montrent comment nos solutions innovantes ont am\u00e9lior\u00e9 leurs flux de travail pr\u00e9presse et d'impression, gagn\u00e9 en efficacit\u00e9 et produit des r\u00e9sultats exceptionnels.","_seopress_robots_index":"","footnotes":""},"class_list":["post-46674","page","type-page","status-publish","hentry"],"acf":[],"_links":{"self":[{"href":"https:\/\/hybridsoftware.com\/fr\/wp-json\/wp\/v2\/pages\/46674","targetHints":{"allow":["GET"]}}],"collection":[{"href":"https:\/\/hybridsoftware.com\/fr\/wp-json\/wp\/v2\/pages"}],"about":[{"href":"https:\/\/hybridsoftware.com\/fr\/wp-json\/wp\/v2\/types\/page"}],"author":[{"embeddable":true,"href":"https:\/\/hybridsoftware.com\/fr\/wp-json\/wp\/v2\/users\/1"}],"replies":[{"embeddable":true,"href":"https:\/\/hybridsoftware.com\/fr\/wp-json\/wp\/v2\/comments?post=46674"}],"version-history":[{"count":0,"href":"https:\/\/hybridsoftware.com\/fr\/wp-json\/wp\/v2\/pages\/46674\/revisions"}],"wp:attachment":[{"href":"https:\/\/hybridsoftware.com\/fr\/wp-json\/wp\/v2\/media?parent=46674"}],"curies":[{"name":"wp","href":"https:\/\/api.w.org\/{rel}","templated":true}]}}