{"id":46671,"date":"2025-01-24T20:08:34","date_gmt":"2025-01-24T19:08:34","guid":{"rendered":"https:\/\/hybridsoftware.com\/references\/"},"modified":"2025-04-09T18:12:33","modified_gmt":"2025-04-09T16:12:33","slug":"references","status":"publish","type":"page","link":"https:\/\/hybridsoftware.com\/fr\/references\/","title":{"rendered":"R\u00e9f\u00e9rences"},"content":{"rendered":"","protected":false},"excerpt":{"rendered":"","protected":false},"author":2,"featured_media":0,"parent":0,"menu_order":127,"comment_status":"closed","ping_status":"closed","template":"","meta":{"_acf_changed":false,"_seopress_robots_primary_cat":"","_seopress_titles_title":"T\u00e9moignages et \u00e9tudes de cas de clients d'Hybrid Software","_seopress_titles_desc":"D\u00e9couvrez les t\u00e9moignages et les \u00e9tudes de cas de clients satisfaits dans le monde entier qui ont am\u00e9lior\u00e9 leur productivit\u00e9 et leur rentabilit\u00e9 gr\u00e2ce aux solutions innovantes d'Hybrid Software.","_seopress_robots_index":"","footnotes":""},"class_list":["post-46671","page","type-page","status-publish","hentry"],"acf":[],"_links":{"self":[{"href":"https:\/\/hybridsoftware.com\/fr\/wp-json\/wp\/v2\/pages\/46671","targetHints":{"allow":["GET"]}}],"collection":[{"href":"https:\/\/hybridsoftware.com\/fr\/wp-json\/wp\/v2\/pages"}],"about":[{"href":"https:\/\/hybridsoftware.com\/fr\/wp-json\/wp\/v2\/types\/page"}],"author":[{"embeddable":true,"href":"https:\/\/hybridsoftware.com\/fr\/wp-json\/wp\/v2\/users\/2"}],"replies":[{"embeddable":true,"href":"https:\/\/hybridsoftware.com\/fr\/wp-json\/wp\/v2\/comments?post=46671"}],"version-history":[{"count":0,"href":"https:\/\/hybridsoftware.com\/fr\/wp-json\/wp\/v2\/pages\/46671\/revisions"}],"wp:attachment":[{"href":"https:\/\/hybridsoftware.com\/fr\/wp-json\/wp\/v2\/media?parent=46671"}],"curies":[{"name":"wp","href":"https:\/\/api.w.org\/{rel}","templated":true}]}}