{"id":46246,"date":"2025-02-06T11:49:45","date_gmt":"2025-02-06T10:49:45","guid":{"rendered":"https:\/\/hybridsoftware.com\/packzflow\/support-packzflow\/"},"modified":"2025-06-26T10:56:16","modified_gmt":"2025-06-26T08:56:16","slug":"support","status":"publish","type":"page","link":"https:\/\/hybridsoftware.com\/fr\/packzflow\/support\/","title":{"rendered":"Support PACKZFLOW"},"content":{"rendered":"","protected":false},"excerpt":{"rendered":"","protected":false},"author":2,"featured_media":52037,"parent":46242,"menu_order":101,"comment_status":"closed","ping_status":"closed","template":"","meta":{"_acf_changed":false,"_seopress_robots_primary_cat":"","_seopress_titles_title":"D\u00e9couvrez les derni\u00e8res fonctionnalit\u00e9s et am\u00e9liorations de PACKZ %%sep%% %%sitetitle%%","_seopress_titles_desc":"Demeurez inform\u00e9 des derni\u00e8res fonctionnalit\u00e9s et am\u00e9liorations de PACKZ by HYBRID Software, con\u00e7ues pour optimiser vos flux de production d'emballages et d'\u00e9tiquettes.","_seopress_robots_index":"","footnotes":""},"class_list":["post-46246","page","type-page","status-publish","has-post-thumbnail","hentry"],"acf":[],"_links":{"self":[{"href":"https:\/\/hybridsoftware.com\/fr\/wp-json\/wp\/v2\/pages\/46246","targetHints":{"allow":["GET"]}}],"collection":[{"href":"https:\/\/hybridsoftware.com\/fr\/wp-json\/wp\/v2\/pages"}],"about":[{"href":"https:\/\/hybridsoftware.com\/fr\/wp-json\/wp\/v2\/types\/page"}],"author":[{"embeddable":true,"href":"https:\/\/hybridsoftware.com\/fr\/wp-json\/wp\/v2\/users\/2"}],"replies":[{"embeddable":true,"href":"https:\/\/hybridsoftware.com\/fr\/wp-json\/wp\/v2\/comments?post=46246"}],"version-history":[{"count":0,"href":"https:\/\/hybridsoftware.com\/fr\/wp-json\/wp\/v2\/pages\/46246\/revisions"}],"up":[{"embeddable":true,"href":"https:\/\/hybridsoftware.com\/fr\/wp-json\/wp\/v2\/pages\/46242"}],"wp:featuredmedia":[{"embeddable":true,"href":"https:\/\/hybridsoftware.com\/fr\/wp-json\/wp\/v2\/media\/52037"}],"wp:attachment":[{"href":"https:\/\/hybridsoftware.com\/fr\/wp-json\/wp\/v2\/media?parent=46246"}],"curies":[{"name":"wp","href":"https:\/\/api.w.org\/{rel}","templated":true}]}}