{"id":46242,"date":"2025-01-27T17:18:19","date_gmt":"2025-01-27T16:18:19","guid":{"rendered":"https:\/\/hybridsoftware.com\/packzflow\/"},"modified":"2025-08-04T17:04:49","modified_gmt":"2025-08-04T15:04:49","slug":"packzflow","status":"publish","type":"page","link":"https:\/\/hybridsoftware.com\/fr\/packzflow\/","title":{"rendered":"PACKZFLOW"},"content":{"rendered":"","protected":false},"excerpt":{"rendered":"","protected":false},"author":2,"featured_media":52037,"parent":0,"menu_order":101,"comment_status":"closed","ping_status":"closed","template":"","meta":{"_acf_changed":false,"_seopress_robots_primary_cat":"","_seopress_titles_title":"PACKZFLOW - Flux de travail pr\u00e9presse automatis\u00e9 pour l'emballage et l'\u00e9tiquetage %%sep%% %%sitetitle%%","_seopress_titles_desc":"D\u00e9couvrez PACKZFLOW, une solution de flux pr\u00e9presse automatis\u00e9e qui s'int\u00e8gre \u00e0 PACKZ pour rationaliser la production d'emballages et d'\u00e9tiquettes, en am\u00e9liorant l'efficacit\u00e9 et en r\u00e9duisant les erreurs.","_seopress_robots_index":"","footnotes":""},"class_list":["post-46242","page","type-page","status-publish","has-post-thumbnail","hentry"],"acf":[],"_links":{"self":[{"href":"https:\/\/hybridsoftware.com\/fr\/wp-json\/wp\/v2\/pages\/46242","targetHints":{"allow":["GET"]}}],"collection":[{"href":"https:\/\/hybridsoftware.com\/fr\/wp-json\/wp\/v2\/pages"}],"about":[{"href":"https:\/\/hybridsoftware.com\/fr\/wp-json\/wp\/v2\/types\/page"}],"author":[{"embeddable":true,"href":"https:\/\/hybridsoftware.com\/fr\/wp-json\/wp\/v2\/users\/2"}],"replies":[{"embeddable":true,"href":"https:\/\/hybridsoftware.com\/fr\/wp-json\/wp\/v2\/comments?post=46242"}],"version-history":[{"count":0,"href":"https:\/\/hybridsoftware.com\/fr\/wp-json\/wp\/v2\/pages\/46242\/revisions"}],"wp:featuredmedia":[{"embeddable":true,"href":"https:\/\/hybridsoftware.com\/fr\/wp-json\/wp\/v2\/media\/52037"}],"wp:attachment":[{"href":"https:\/\/hybridsoftware.com\/fr\/wp-json\/wp\/v2\/media?parent=46242"}],"curies":[{"name":"wp","href":"https:\/\/api.w.org\/{rel}","templated":true}]}}