{"id":46218,"date":"2025-02-02T11:50:34","date_gmt":"2025-02-02T10:50:34","guid":{"rendered":"https:\/\/hybridsoftware.com\/colorant\/colorant-telechargements\/"},"modified":"2025-05-08T14:49:01","modified_gmt":"2025-05-08T12:49:01","slug":"telechargements","status":"publish","type":"page","link":"https:\/\/hybridsoftware.com\/fr\/colorant\/telechargements\/","title":{"rendered":"ColorAnt T\u00e9l\u00e9chargements"},"content":{"rendered":"","protected":false},"excerpt":{"rendered":"","protected":false},"author":2,"featured_media":51995,"parent":46204,"menu_order":128,"comment_status":"closed","ping_status":"closed","template":"","meta":{"_acf_changed":false,"_seopress_robots_primary_cat":"","_seopress_titles_title":"T\u00e9l\u00e9chargements ColorAnt : Obtenez la derni\u00e8re version et les ressources %%sep%% %%sitetitle%%","_seopress_titles_desc":"T\u00e9l\u00e9chargez la derni\u00e8re version de ColorAnt by ColorLogic, ainsi que des ressources essentielles pour am\u00e9liorer vos processus de mesure et d'optimisation des couleurs.","_seopress_robots_index":"","footnotes":""},"class_list":["post-46218","page","type-page","status-publish","has-post-thumbnail","hentry"],"acf":[],"_links":{"self":[{"href":"https:\/\/hybridsoftware.com\/fr\/wp-json\/wp\/v2\/pages\/46218","targetHints":{"allow":["GET"]}}],"collection":[{"href":"https:\/\/hybridsoftware.com\/fr\/wp-json\/wp\/v2\/pages"}],"about":[{"href":"https:\/\/hybridsoftware.com\/fr\/wp-json\/wp\/v2\/types\/page"}],"author":[{"embeddable":true,"href":"https:\/\/hybridsoftware.com\/fr\/wp-json\/wp\/v2\/users\/2"}],"replies":[{"embeddable":true,"href":"https:\/\/hybridsoftware.com\/fr\/wp-json\/wp\/v2\/comments?post=46218"}],"version-history":[{"count":0,"href":"https:\/\/hybridsoftware.com\/fr\/wp-json\/wp\/v2\/pages\/46218\/revisions"}],"up":[{"embeddable":true,"href":"https:\/\/hybridsoftware.com\/fr\/wp-json\/wp\/v2\/pages\/46204"}],"wp:featuredmedia":[{"embeddable":true,"href":"https:\/\/hybridsoftware.com\/fr\/wp-json\/wp\/v2\/media\/51995"}],"wp:attachment":[{"href":"https:\/\/hybridsoftware.com\/fr\/wp-json\/wp\/v2\/media?parent=46218"}],"curies":[{"name":"wp","href":"https:\/\/api.w.org\/{rel}","templated":true}]}}