{"id":46209,"date":"2024-12-23T14:17:03","date_gmt":"2024-12-23T13:17:03","guid":{"rendered":"https:\/\/hybridsoftware.com\/colorant\/caracteristiques-de-colorant\/"},"modified":"2025-05-08T14:42:52","modified_gmt":"2025-05-08T12:42:52","slug":"fonctionnalites","status":"publish","type":"page","link":"https:\/\/hybridsoftware.com\/fr\/colorant\/fonctionnalites\/","title":{"rendered":"Fonctionnalit\u00e9s de ColorAnt"},"content":{"rendered":"","protected":false},"excerpt":{"rendered":"","protected":false},"author":1,"featured_media":51995,"parent":46204,"menu_order":2,"comment_status":"closed","ping_status":"closed","template":"","meta":{"_acf_changed":false,"_seopress_robots_primary_cat":"","_seopress_titles_title":"Caract\u00e9ristiques de ColorAnt - Outils complets pour la correction et l'optimisation des couleurs %%sep%% %%sitetitle%%","_seopress_titles_desc":"D\u00e9couvrez les fonctionnalit\u00e9s robustes de ColorAnt by ColorLogic, qui offre des outils avanc\u00e9s de mesure, de correction et d'optimisation des couleurs pour garantir une qualit\u00e9 d'impression sup\u00e9rieure.","_seopress_robots_index":"","footnotes":""},"class_list":["post-46209","page","type-page","status-publish","has-post-thumbnail","hentry"],"acf":[],"_links":{"self":[{"href":"https:\/\/hybridsoftware.com\/fr\/wp-json\/wp\/v2\/pages\/46209","targetHints":{"allow":["GET"]}}],"collection":[{"href":"https:\/\/hybridsoftware.com\/fr\/wp-json\/wp\/v2\/pages"}],"about":[{"href":"https:\/\/hybridsoftware.com\/fr\/wp-json\/wp\/v2\/types\/page"}],"author":[{"embeddable":true,"href":"https:\/\/hybridsoftware.com\/fr\/wp-json\/wp\/v2\/users\/1"}],"replies":[{"embeddable":true,"href":"https:\/\/hybridsoftware.com\/fr\/wp-json\/wp\/v2\/comments?post=46209"}],"version-history":[{"count":0,"href":"https:\/\/hybridsoftware.com\/fr\/wp-json\/wp\/v2\/pages\/46209\/revisions"}],"up":[{"embeddable":true,"href":"https:\/\/hybridsoftware.com\/fr\/wp-json\/wp\/v2\/pages\/46204"}],"wp:featuredmedia":[{"embeddable":true,"href":"https:\/\/hybridsoftware.com\/fr\/wp-json\/wp\/v2\/media\/51995"}],"wp:attachment":[{"href":"https:\/\/hybridsoftware.com\/fr\/wp-json\/wp\/v2\/media?parent=46209"}],"curies":[{"name":"wp","href":"https:\/\/api.w.org\/{rel}","templated":true}]}}