{"id":46113,"date":"2025-02-25T17:37:27","date_gmt":"2025-02-25T16:37:27","guid":{"rendered":"https:\/\/hybridsoftware.com\/rip\/"},"modified":"2025-08-04T17:25:43","modified_gmt":"2025-08-04T15:25:43","slug":"rip","status":"publish","type":"page","link":"https:\/\/hybridsoftware.com\/fr\/rip\/","title":{"rendered":"Pr\u00e9sentation"},"content":{"rendered":"","protected":false},"excerpt":{"rendered":"","protected":false},"author":2,"featured_media":52048,"parent":0,"menu_order":101,"comment_status":"closed","ping_status":"closed","template":"","meta":{"_acf_changed":false,"_seopress_robots_primary_cat":"","_seopress_titles_title":"Atteignez une vitesse in\u00e9gal\u00e9e gr\u00e2ce \u00e0 la technologie RIP haute vitesse","_seopress_titles_desc":"B\u00e9n\u00e9ficiez d'une vitesse et d'un contr\u00f4le in\u00e9gal\u00e9s gr\u00e2ce \u00e0 notre technologie RIP rapide et multi-thread pour toute presse num\u00e9rique. Optimisez votre flux de travail gr\u00e2ce \u00e0 l'int\u00e9gration CLOUDFLOW.","_seopress_robots_index":"","footnotes":""},"class_list":["post-46113","page","type-page","status-publish","has-post-thumbnail","hentry"],"acf":[],"_links":{"self":[{"href":"https:\/\/hybridsoftware.com\/fr\/wp-json\/wp\/v2\/pages\/46113","targetHints":{"allow":["GET"]}}],"collection":[{"href":"https:\/\/hybridsoftware.com\/fr\/wp-json\/wp\/v2\/pages"}],"about":[{"href":"https:\/\/hybridsoftware.com\/fr\/wp-json\/wp\/v2\/types\/page"}],"author":[{"embeddable":true,"href":"https:\/\/hybridsoftware.com\/fr\/wp-json\/wp\/v2\/users\/2"}],"replies":[{"embeddable":true,"href":"https:\/\/hybridsoftware.com\/fr\/wp-json\/wp\/v2\/comments?post=46113"}],"version-history":[{"count":0,"href":"https:\/\/hybridsoftware.com\/fr\/wp-json\/wp\/v2\/pages\/46113\/revisions"}],"wp:featuredmedia":[{"embeddable":true,"href":"https:\/\/hybridsoftware.com\/fr\/wp-json\/wp\/v2\/media\/52048"}],"wp:attachment":[{"href":"https:\/\/hybridsoftware.com\/fr\/wp-json\/wp\/v2\/media?parent=46113"}],"curies":[{"name":"wp","href":"https:\/\/api.w.org\/{rel}","templated":true}]}}