{"id":46078,"date":"2025-02-26T17:31:07","date_gmt":"2025-02-26T16:31:07","guid":{"rendered":"https:\/\/hybridsoftware.com\/proofscope\/"},"modified":"2025-08-04T18:03:37","modified_gmt":"2025-08-04T16:03:37","slug":"proofscope","status":"publish","type":"page","link":"https:\/\/hybridsoftware.com\/fr\/proofscope\/","title":{"rendered":"Proofscope"},"content":{"rendered":"","protected":false},"excerpt":{"rendered":"","protected":false},"author":2,"featured_media":52042,"parent":0,"menu_order":101,"comment_status":"closed","ping_status":"closed","template":"","meta":{"_acf_changed":false,"_seopress_robots_primary_cat":"","_seopress_titles_title":"\u00c9preuve en ligne avanc\u00e9e et collaboration avec ProofScope %%sep%% %%sitetitle%%","_seopress_titles_desc":"D\u00e9couvrez ProofScope, une visionneuse bas\u00e9e sur un navigateur offrant des aper\u00e7us haute r\u00e9solution, un rendu en direct et des outils d'annotation collaboratifs pour des flux de production efficaces dans le domaine de l'emballage et de l'\u00e9tiquetage.","_seopress_robots_index":"","footnotes":""},"class_list":["post-46078","page","type-page","status-publish","has-post-thumbnail","hentry"],"acf":[],"_links":{"self":[{"href":"https:\/\/hybridsoftware.com\/fr\/wp-json\/wp\/v2\/pages\/46078","targetHints":{"allow":["GET"]}}],"collection":[{"href":"https:\/\/hybridsoftware.com\/fr\/wp-json\/wp\/v2\/pages"}],"about":[{"href":"https:\/\/hybridsoftware.com\/fr\/wp-json\/wp\/v2\/types\/page"}],"author":[{"embeddable":true,"href":"https:\/\/hybridsoftware.com\/fr\/wp-json\/wp\/v2\/users\/2"}],"replies":[{"embeddable":true,"href":"https:\/\/hybridsoftware.com\/fr\/wp-json\/wp\/v2\/comments?post=46078"}],"version-history":[{"count":0,"href":"https:\/\/hybridsoftware.com\/fr\/wp-json\/wp\/v2\/pages\/46078\/revisions"}],"wp:featuredmedia":[{"embeddable":true,"href":"https:\/\/hybridsoftware.com\/fr\/wp-json\/wp\/v2\/media\/52042"}],"wp:attachment":[{"href":"https:\/\/hybridsoftware.com\/fr\/wp-json\/wp\/v2\/media?parent=46078"}],"curies":[{"name":"wp","href":"https:\/\/api.w.org\/{rel}","templated":true}]}}