{"id":46074,"date":"2025-02-26T18:00:30","date_gmt":"2025-02-26T17:00:30","guid":{"rendered":"https:\/\/hybridsoftware.com\/support-proofscope\/"},"modified":"2025-07-23T18:59:04","modified_gmt":"2025-07-23T16:59:04","slug":"support","status":"publish","type":"page","link":"https:\/\/hybridsoftware.com\/fr\/proofscope\/support\/","title":{"rendered":"Support Proofscope"},"content":{"rendered":"","protected":false},"excerpt":{"rendered":"","protected":false},"author":2,"featured_media":52042,"parent":46078,"menu_order":3,"comment_status":"closed","ping_status":"closed","template":"","meta":{"_acf_changed":false,"_seopress_robots_primary_cat":"","_seopress_titles_title":"ProofScope Support - Assistance d'experts pour l'\u00e9preuvage en ligne et la collaboration %%sep%% %%sitetitle%%","_seopress_titles_desc":"Acc\u00e9dez \u00e0 un support d\u00e9di\u00e9 pour ProofScope de HYBRID Software, y compris une assistance technique, des guides de d\u00e9pannage et des ressources pour optimiser vos flux de travail d'\u00e9preuvage et de collaboration en ligne.","_seopress_robots_index":"","footnotes":""},"class_list":["post-46074","page","type-page","status-publish","has-post-thumbnail","hentry"],"acf":[],"_links":{"self":[{"href":"https:\/\/hybridsoftware.com\/fr\/wp-json\/wp\/v2\/pages\/46074","targetHints":{"allow":["GET"]}}],"collection":[{"href":"https:\/\/hybridsoftware.com\/fr\/wp-json\/wp\/v2\/pages"}],"about":[{"href":"https:\/\/hybridsoftware.com\/fr\/wp-json\/wp\/v2\/types\/page"}],"author":[{"embeddable":true,"href":"https:\/\/hybridsoftware.com\/fr\/wp-json\/wp\/v2\/users\/2"}],"replies":[{"embeddable":true,"href":"https:\/\/hybridsoftware.com\/fr\/wp-json\/wp\/v2\/comments?post=46074"}],"version-history":[{"count":0,"href":"https:\/\/hybridsoftware.com\/fr\/wp-json\/wp\/v2\/pages\/46074\/revisions"}],"up":[{"embeddable":true,"href":"https:\/\/hybridsoftware.com\/fr\/wp-json\/wp\/v2\/pages\/46078"}],"wp:featuredmedia":[{"embeddable":true,"href":"https:\/\/hybridsoftware.com\/fr\/wp-json\/wp\/v2\/media\/52042"}],"wp:attachment":[{"href":"https:\/\/hybridsoftware.com\/fr\/wp-json\/wp\/v2\/media?parent=46074"}],"curies":[{"name":"wp","href":"https:\/\/api.w.org\/{rel}","templated":true}]}}