{"id":46061,"date":"2025-02-21T10:45:54","date_gmt":"2025-02-21T09:45:54","guid":{"rendered":"https:\/\/hybridsoftware.com\/logiciel-de-conception-demballages-ic3d\/ic3d-telechargements\/"},"modified":"2025-05-29T10:54:11","modified_gmt":"2025-05-29T08:54:11","slug":"telechargements","status":"publish","type":"page","link":"https:\/\/hybridsoftware.com\/fr\/ic3d\/telechargements\/","title":{"rendered":"T\u00e9l\u00e9chargements"},"content":{"rendered":"","protected":false},"excerpt":{"rendered":"","protected":false},"author":2,"featured_media":52020,"parent":46055,"menu_order":2,"comment_status":"closed","ping_status":"closed","template":"","meta":{"_acf_changed":false,"_seopress_robots_primary_cat":"","_seopress_titles_title":"T\u00e9l\u00e9chargements iC3D - Acc\u00e9dez aux derni\u00e8res versions du logiciel et aux ressources %%sep%% %%sitetitle%%","_seopress_titles_desc":"T\u00e9l\u00e9chargez les derni\u00e8res versions et ressources de iC3D by HYBRID Software pour am\u00e9liorer vos processus de conception et de visualisation d'emballages.","_seopress_robots_index":"","footnotes":""},"class_list":["post-46061","page","type-page","status-publish","has-post-thumbnail","hentry"],"acf":[],"_links":{"self":[{"href":"https:\/\/hybridsoftware.com\/fr\/wp-json\/wp\/v2\/pages\/46061","targetHints":{"allow":["GET"]}}],"collection":[{"href":"https:\/\/hybridsoftware.com\/fr\/wp-json\/wp\/v2\/pages"}],"about":[{"href":"https:\/\/hybridsoftware.com\/fr\/wp-json\/wp\/v2\/types\/page"}],"author":[{"embeddable":true,"href":"https:\/\/hybridsoftware.com\/fr\/wp-json\/wp\/v2\/users\/2"}],"replies":[{"embeddable":true,"href":"https:\/\/hybridsoftware.com\/fr\/wp-json\/wp\/v2\/comments?post=46061"}],"version-history":[{"count":0,"href":"https:\/\/hybridsoftware.com\/fr\/wp-json\/wp\/v2\/pages\/46061\/revisions"}],"up":[{"embeddable":true,"href":"https:\/\/hybridsoftware.com\/fr\/wp-json\/wp\/v2\/pages\/46055"}],"wp:featuredmedia":[{"embeddable":true,"href":"https:\/\/hybridsoftware.com\/fr\/wp-json\/wp\/v2\/media\/52020"}],"wp:attachment":[{"href":"https:\/\/hybridsoftware.com\/fr\/wp-json\/wp\/v2\/media?parent=46061"}],"curies":[{"name":"wp","href":"https:\/\/api.w.org\/{rel}","templated":true}]}}