{"id":46055,"date":"2024-10-14T19:24:58","date_gmt":"2024-10-14T17:24:58","guid":{"rendered":"https:\/\/hybridsoftware.com\/logiciel-de-conception-demballages-ic3d\/"},"modified":"2025-08-04T18:10:41","modified_gmt":"2025-08-04T16:10:41","slug":"ic3d","status":"publish","type":"page","link":"https:\/\/hybridsoftware.com\/fr\/ic3d\/","title":{"rendered":"Pr\u00e9sentation"},"content":{"rendered":"","protected":false},"excerpt":{"rendered":"","protected":false},"author":2,"featured_media":52020,"parent":0,"menu_order":107,"comment_status":"closed","ping_status":"closed","template":"","meta":{"_acf_changed":false,"_seopress_robots_primary_cat":"","_seopress_titles_title":"D\u00e9couvrez iC3D : Logiciel de conception et de visualisation d'emballages tout-en-un %%sep%% %%sitetitle%%","_seopress_titles_desc":"D\u00e9couvrez iC3D, une application de conception d'emballages tout-en-un qui permet la visualisation 3D en temps r\u00e9el, le prototypage et l'\u00e9preuvage de divers types d'emballages, simplifiant ainsi votre processus de conception \u00e0 la production.","_seopress_robots_index":"","footnotes":""},"class_list":["post-46055","page","type-page","status-publish","has-post-thumbnail","hentry"],"acf":[],"_links":{"self":[{"href":"https:\/\/hybridsoftware.com\/fr\/wp-json\/wp\/v2\/pages\/46055","targetHints":{"allow":["GET"]}}],"collection":[{"href":"https:\/\/hybridsoftware.com\/fr\/wp-json\/wp\/v2\/pages"}],"about":[{"href":"https:\/\/hybridsoftware.com\/fr\/wp-json\/wp\/v2\/types\/page"}],"author":[{"embeddable":true,"href":"https:\/\/hybridsoftware.com\/fr\/wp-json\/wp\/v2\/users\/2"}],"replies":[{"embeddable":true,"href":"https:\/\/hybridsoftware.com\/fr\/wp-json\/wp\/v2\/comments?post=46055"}],"version-history":[{"count":0,"href":"https:\/\/hybridsoftware.com\/fr\/wp-json\/wp\/v2\/pages\/46055\/revisions"}],"wp:featuredmedia":[{"embeddable":true,"href":"https:\/\/hybridsoftware.com\/fr\/wp-json\/wp\/v2\/media\/52020"}],"wp:attachment":[{"href":"https:\/\/hybridsoftware.com\/fr\/wp-json\/wp\/v2\/media?parent=46055"}],"curies":[{"name":"wp","href":"https:\/\/api.w.org\/{rel}","templated":true}]}}