{"id":46052,"date":"2025-02-20T18:31:30","date_gmt":"2025-02-20T17:31:30","guid":{"rendered":"https:\/\/hybridsoftware.com\/modules-ic3d\/"},"modified":"2025-05-29T11:05:40","modified_gmt":"2025-05-29T09:05:40","slug":"modules","status":"publish","type":"page","link":"https:\/\/hybridsoftware.com\/fr\/ic3d\/modules\/","title":{"rendered":"Modules"},"content":{"rendered":"","protected":false},"excerpt":{"rendered":"","protected":false},"author":2,"featured_media":52020,"parent":46055,"menu_order":1,"comment_status":"closed","ping_status":"closed","template":"","meta":{"_acf_changed":false,"_seopress_robots_primary_cat":"","_seopress_titles_title":"D\u00e9veloppez vos capacit\u00e9s de conception d'emballages avec les modules iC3D %%sep%% %%sitetitle%%","_seopress_titles_desc":"Explorez les diff\u00e9rents modules d'iC3D, chacun con\u00e7u pour am\u00e9liorer des aspects sp\u00e9cifiques de la conception et de la visualisation d'emballages, en fournissant des solutions sur mesure pour les exigences de votre projet unique.","_seopress_robots_index":"","footnotes":""},"class_list":["post-46052","page","type-page","status-publish","has-post-thumbnail","hentry"],"acf":[],"_links":{"self":[{"href":"https:\/\/hybridsoftware.com\/fr\/wp-json\/wp\/v2\/pages\/46052","targetHints":{"allow":["GET"]}}],"collection":[{"href":"https:\/\/hybridsoftware.com\/fr\/wp-json\/wp\/v2\/pages"}],"about":[{"href":"https:\/\/hybridsoftware.com\/fr\/wp-json\/wp\/v2\/types\/page"}],"author":[{"embeddable":true,"href":"https:\/\/hybridsoftware.com\/fr\/wp-json\/wp\/v2\/users\/2"}],"replies":[{"embeddable":true,"href":"https:\/\/hybridsoftware.com\/fr\/wp-json\/wp\/v2\/comments?post=46052"}],"version-history":[{"count":0,"href":"https:\/\/hybridsoftware.com\/fr\/wp-json\/wp\/v2\/pages\/46052\/revisions"}],"up":[{"embeddable":true,"href":"https:\/\/hybridsoftware.com\/fr\/wp-json\/wp\/v2\/pages\/46055"}],"wp:featuredmedia":[{"embeddable":true,"href":"https:\/\/hybridsoftware.com\/fr\/wp-json\/wp\/v2\/media\/52020"}],"wp:attachment":[{"href":"https:\/\/hybridsoftware.com\/fr\/wp-json\/wp\/v2\/media?parent=46052"}],"curies":[{"name":"wp","href":"https:\/\/api.w.org\/{rel}","templated":true}]}}