{"id":45994,"date":"2024-10-10T12:19:13","date_gmt":"2024-10-10T10:19:13","guid":{"rendered":"https:\/\/hybridsoftware.com\/cloudflow\/"},"modified":"2025-05-28T11:25:19","modified_gmt":"2025-05-28T09:25:19","slug":"cloudflow","status":"publish","type":"page","link":"https:\/\/hybridsoftware.com\/fr\/cloudflow\/","title":{"rendered":"CLOUDFLOW"},"content":{"rendered":"","protected":false},"excerpt":{"rendered":"","protected":false},"author":2,"featured_media":51987,"parent":0,"menu_order":101,"comment_status":"closed","ping_status":"closed","template":"","meta":{"_acf_changed":false,"_seopress_robots_primary_cat":"","_seopress_titles_title":"D\u00e9couvrez l'automatisation \u00e9volutive des flux de travail pour l'emballage et l'\u00e9tiquetage de CLOUDFLOW","_seopress_titles_desc":"CLOUDFLOW d'HYBRID Software rationalise les flux de travail pr\u00e9presse gr\u00e2ce \u00e0 une automatisation puissante, des outils de collaboration et une efficacit\u00e9 bas\u00e9e sur le cloud pour les professionnels de l'impression.","_seopress_robots_index":"","footnotes":""},"class_list":["post-45994","page","type-page","status-publish","has-post-thumbnail","hentry"],"acf":[],"_links":{"self":[{"href":"https:\/\/hybridsoftware.com\/fr\/wp-json\/wp\/v2\/pages\/45994","targetHints":{"allow":["GET"]}}],"collection":[{"href":"https:\/\/hybridsoftware.com\/fr\/wp-json\/wp\/v2\/pages"}],"about":[{"href":"https:\/\/hybridsoftware.com\/fr\/wp-json\/wp\/v2\/types\/page"}],"author":[{"embeddable":true,"href":"https:\/\/hybridsoftware.com\/fr\/wp-json\/wp\/v2\/users\/2"}],"replies":[{"embeddable":true,"href":"https:\/\/hybridsoftware.com\/fr\/wp-json\/wp\/v2\/comments?post=45994"}],"version-history":[{"count":0,"href":"https:\/\/hybridsoftware.com\/fr\/wp-json\/wp\/v2\/pages\/45994\/revisions"}],"wp:featuredmedia":[{"embeddable":true,"href":"https:\/\/hybridsoftware.com\/fr\/wp-json\/wp\/v2\/media\/51987"}],"wp:attachment":[{"href":"https:\/\/hybridsoftware.com\/fr\/wp-json\/wp\/v2\/media?parent=45994"}],"curies":[{"name":"wp","href":"https:\/\/api.w.org\/{rel}","templated":true}]}}