{"id":45966,"date":"2025-02-24T08:06:35","date_gmt":"2025-02-24T07:06:35","guid":{"rendered":"https:\/\/hybridsoftware.com\/evenements\/"},"modified":"2025-06-23T16:57:27","modified_gmt":"2025-06-23T14:57:27","slug":"evenements","status":"publish","type":"page","link":"https:\/\/hybridsoftware.com\/fr\/evenements\/","title":{"rendered":"Ev\u00e9nements"},"content":{"rendered":"","protected":false},"excerpt":{"rendered":"","protected":false},"author":1,"featured_media":0,"parent":0,"menu_order":130,"comment_status":"closed","ping_status":"closed","template":"","meta":{"_acf_changed":false,"_seopress_robots_primary_cat":"","_seopress_titles_title":"Conf\u00e9rences, webinaires et engagements industriels \u00e0 venir %%sep%% %%sitetitle%%","_seopress_titles_desc":"Restez au courant des \u00e9v\u00e9nements \u00e0 venir d'HYBRID Software, y compris les conf\u00e9rences, les webinaires et les engagements industriels con\u00e7us pour pr\u00e9senter nos derni\u00e8res innovations et favoriser la collaboration au sein de la communaut\u00e9 de l'impression et de l'emballage.","_seopress_robots_index":"","footnotes":""},"class_list":["post-45966","page","type-page","status-publish","hentry"],"acf":[],"_links":{"self":[{"href":"https:\/\/hybridsoftware.com\/fr\/wp-json\/wp\/v2\/pages\/45966","targetHints":{"allow":["GET"]}}],"collection":[{"href":"https:\/\/hybridsoftware.com\/fr\/wp-json\/wp\/v2\/pages"}],"about":[{"href":"https:\/\/hybridsoftware.com\/fr\/wp-json\/wp\/v2\/types\/page"}],"author":[{"embeddable":true,"href":"https:\/\/hybridsoftware.com\/fr\/wp-json\/wp\/v2\/users\/1"}],"replies":[{"embeddable":true,"href":"https:\/\/hybridsoftware.com\/fr\/wp-json\/wp\/v2\/comments?post=45966"}],"version-history":[{"count":0,"href":"https:\/\/hybridsoftware.com\/fr\/wp-json\/wp\/v2\/pages\/45966\/revisions"}],"wp:attachment":[{"href":"https:\/\/hybridsoftware.com\/fr\/wp-json\/wp\/v2\/media?parent=45966"}],"curies":[{"name":"wp","href":"https:\/\/api.w.org\/{rel}","templated":true}]}}