{"id":45659,"date":"2024-12-05T15:01:27","date_gmt":"2024-12-05T14:01:27","guid":{"rendered":"https:\/\/hybridsoftware.com\/reseau-de-partenaires\/"},"modified":"2025-04-11T00:14:51","modified_gmt":"2025-04-10T22:14:51","slug":"reseau-de-partenaires","status":"publish","type":"page","link":"https:\/\/hybridsoftware.com\/fr\/reseau-de-partenaires\/","title":{"rendered":"R\u00e9seau de partenaires"},"content":{"rendered":"","protected":false},"excerpt":{"rendered":"","protected":false},"author":1,"featured_media":0,"parent":0,"menu_order":114,"comment_status":"closed","ping_status":"closed","template":"","meta":{"_acf_changed":false,"_seopress_robots_primary_cat":"","_seopress_titles_title":"R\u00e9seau de partenaires logiciels - Collaborer pour des solutions d'impression am\u00e9lior\u00e9es %%sep%% %%sitetitle%%","_seopress_titles_desc":"D\u00e9couvrez le r\u00e9seau mondial de partenaires d'HYBRID Software, y compris les collaborations avec des leaders de l'industrie tels que CERM et Infigo, afin de fournir des solutions int\u00e9gr\u00e9es et innovantes pour l'industrie des arts graphiques.","_seopress_robots_index":"","footnotes":""},"class_list":["post-45659","page","type-page","status-publish","hentry"],"acf":[],"_links":{"self":[{"href":"https:\/\/hybridsoftware.com\/fr\/wp-json\/wp\/v2\/pages\/45659","targetHints":{"allow":["GET"]}}],"collection":[{"href":"https:\/\/hybridsoftware.com\/fr\/wp-json\/wp\/v2\/pages"}],"about":[{"href":"https:\/\/hybridsoftware.com\/fr\/wp-json\/wp\/v2\/types\/page"}],"author":[{"embeddable":true,"href":"https:\/\/hybridsoftware.com\/fr\/wp-json\/wp\/v2\/users\/1"}],"replies":[{"embeddable":true,"href":"https:\/\/hybridsoftware.com\/fr\/wp-json\/wp\/v2\/comments?post=45659"}],"version-history":[{"count":0,"href":"https:\/\/hybridsoftware.com\/fr\/wp-json\/wp\/v2\/pages\/45659\/revisions"}],"wp:attachment":[{"href":"https:\/\/hybridsoftware.com\/fr\/wp-json\/wp\/v2\/media?parent=45659"}],"curies":[{"name":"wp","href":"https:\/\/api.w.org\/{rel}","templated":true}]}}