{"id":45652,"date":"2024-09-26T14:46:23","date_gmt":"2024-09-26T12:46:23","guid":{"rendered":"https:\/\/hybridsoftware.com\/durabilite\/"},"modified":"2025-04-11T00:12:03","modified_gmt":"2025-04-10T22:12:03","slug":"durabilite","status":"publish","type":"page","link":"https:\/\/hybridsoftware.com\/fr\/durabilite\/","title":{"rendered":"Durabilit\u00e9"},"content":{"rendered":"","protected":false},"excerpt":{"rendered":"","protected":false},"author":1,"featured_media":0,"parent":0,"menu_order":0,"comment_status":"closed","ping_status":"closed","template":"","meta":{"_acf_changed":false,"_seopress_robots_primary_cat":"","_seopress_titles_title":"Favoriser le d\u00e9veloppement durable dans l'imprimerie gr\u00e2ce \u00e0 des logiciels intelligents %%sep%% %%sitetitle%%","_seopress_titles_desc":"D\u00e9couvrez comment HYBRID Software soutient le d\u00e9veloppement durable dans l'industrie de l'impression gr\u00e2ce \u00e0 des solutions \u00e9co-efficaces qui r\u00e9duisent les d\u00e9chets, rationalisent les flux de travail et optimisent les ressources.","_seopress_robots_index":"","footnotes":""},"class_list":["post-45652","page","type-page","status-publish","hentry"],"acf":[],"_links":{"self":[{"href":"https:\/\/hybridsoftware.com\/fr\/wp-json\/wp\/v2\/pages\/45652","targetHints":{"allow":["GET"]}}],"collection":[{"href":"https:\/\/hybridsoftware.com\/fr\/wp-json\/wp\/v2\/pages"}],"about":[{"href":"https:\/\/hybridsoftware.com\/fr\/wp-json\/wp\/v2\/types\/page"}],"author":[{"embeddable":true,"href":"https:\/\/hybridsoftware.com\/fr\/wp-json\/wp\/v2\/users\/1"}],"replies":[{"embeddable":true,"href":"https:\/\/hybridsoftware.com\/fr\/wp-json\/wp\/v2\/comments?post=45652"}],"version-history":[{"count":0,"href":"https:\/\/hybridsoftware.com\/fr\/wp-json\/wp\/v2\/pages\/45652\/revisions"}],"wp:attachment":[{"href":"https:\/\/hybridsoftware.com\/fr\/wp-json\/wp\/v2\/media?parent=45652"}],"curies":[{"name":"wp","href":"https:\/\/api.w.org\/{rel}","templated":true}]}}