{"id":45648,"date":"2024-12-23T10:56:19","date_gmt":"2024-12-23T09:56:19","guid":{"rendered":"https:\/\/hybridsoftware.com\/carrieres\/"},"modified":"2025-07-15T12:23:37","modified_gmt":"2025-07-15T10:23:37","slug":"carrieres","status":"publish","type":"page","link":"https:\/\/hybridsoftware.com\/fr\/carrieres\/","title":{"rendered":"Carri\u00e8res"},"content":{"rendered":"","protected":false},"excerpt":{"rendered":"","protected":false},"author":1,"featured_media":0,"parent":0,"menu_order":125,"comment_status":"closed","ping_status":"closed","template":"","meta":{"_acf_changed":false,"_seopress_robots_primary_cat":"","_seopress_titles_title":"Rejoignez notre \u00e9quipe \u2013 carri\u00e8res chez HYBRID Software","_seopress_titles_desc":"Explorez des opportunit\u00e9s de carri\u00e8re passionnantes chez HYBRID Software, une entreprise mondiale leader dans l'industrie des arts graphiques. Nous offrons des salaires comp\u00e9titifs, d'excellents avantages sociaux et un environnement collaboratif o\u00f9 l'initiative personnelle est encourag\u00e9e. Les postes actuellement disponibles comprennent ing\u00e9nieur de solutions, cadre commercial en logiciels d'arts graphiques, ing\u00e9nieur en tests logiciels, et bien d'autres.  ","_seopress_robots_index":"","footnotes":""},"class_list":["post-45648","page","type-page","status-publish","hentry"],"acf":[],"_links":{"self":[{"href":"https:\/\/hybridsoftware.com\/fr\/wp-json\/wp\/v2\/pages\/45648","targetHints":{"allow":["GET"]}}],"collection":[{"href":"https:\/\/hybridsoftware.com\/fr\/wp-json\/wp\/v2\/pages"}],"about":[{"href":"https:\/\/hybridsoftware.com\/fr\/wp-json\/wp\/v2\/types\/page"}],"author":[{"embeddable":true,"href":"https:\/\/hybridsoftware.com\/fr\/wp-json\/wp\/v2\/users\/1"}],"replies":[{"embeddable":true,"href":"https:\/\/hybridsoftware.com\/fr\/wp-json\/wp\/v2\/comments?post=45648"}],"version-history":[{"count":0,"href":"https:\/\/hybridsoftware.com\/fr\/wp-json\/wp\/v2\/pages\/45648\/revisions"}],"wp:attachment":[{"href":"https:\/\/hybridsoftware.com\/fr\/wp-json\/wp\/v2\/media?parent=45648"}],"curies":[{"name":"wp","href":"https:\/\/api.w.org\/{rel}","templated":true}]}}