{"id":45642,"date":"2024-12-05T14:21:56","date_gmt":"2024-12-05T13:21:56","guid":{"rendered":"https:\/\/hybridsoftware.com\/a-propos-de-nous\/"},"modified":"2025-04-09T15:22:35","modified_gmt":"2025-04-09T13:22:35","slug":"a-propos-de-nous","status":"publish","type":"page","link":"https:\/\/hybridsoftware.com\/fr\/a-propos-de-nous\/","title":{"rendered":"\u00c0 propos de nous"},"content":{"rendered":"","protected":false},"excerpt":{"rendered":"","protected":false},"author":1,"featured_media":0,"parent":0,"menu_order":109,"comment_status":"closed","ping_status":"closed","template":"","meta":{"_acf_changed":false,"_seopress_robots_primary_cat":"","_seopress_titles_title":"Rencontrez Hybrid Software, innovateur en mati\u00e8re d'outils de productivit\u00e9 pour les arts graphiques %%sep%% %%sitetitle%%","_seopress_titles_desc":"D\u00e9couvrez HYBRID Software, un d\u00e9veloppeur mondial d'outils de productivit\u00e9 innovants pour l'industrie des arts graphiques, qui propose des solutions telles que CLOUDFLOW, PACKZ et STEPZ pour am\u00e9liorer les flux de travail de pr\u00e9presse et d'impression.","_seopress_robots_index":"","footnotes":""},"class_list":["post-45642","page","type-page","status-publish","hentry"],"acf":[],"_links":{"self":[{"href":"https:\/\/hybridsoftware.com\/fr\/wp-json\/wp\/v2\/pages\/45642","targetHints":{"allow":["GET"]}}],"collection":[{"href":"https:\/\/hybridsoftware.com\/fr\/wp-json\/wp\/v2\/pages"}],"about":[{"href":"https:\/\/hybridsoftware.com\/fr\/wp-json\/wp\/v2\/types\/page"}],"author":[{"embeddable":true,"href":"https:\/\/hybridsoftware.com\/fr\/wp-json\/wp\/v2\/users\/1"}],"replies":[{"embeddable":true,"href":"https:\/\/hybridsoftware.com\/fr\/wp-json\/wp\/v2\/comments?post=45642"}],"version-history":[{"count":0,"href":"https:\/\/hybridsoftware.com\/fr\/wp-json\/wp\/v2\/pages\/45642\/revisions"}],"wp:attachment":[{"href":"https:\/\/hybridsoftware.com\/fr\/wp-json\/wp\/v2\/media?parent=45642"}],"curies":[{"name":"wp","href":"https:\/\/api.w.org\/{rel}","templated":true}]}}