{"id":45638,"date":"2024-09-26T14:48:11","date_gmt":"2024-09-26T12:48:11","guid":{"rendered":"https:\/\/hybridsoftware.com\/equipe-de-direction\/"},"modified":"2025-05-06T12:40:29","modified_gmt":"2025-05-06T10:40:29","slug":"equipe-de-direction","status":"publish","type":"page","link":"https:\/\/hybridsoftware.com\/fr\/equipe-de-direction\/","title":{"rendered":"\u00c9quipe de direction"},"content":{"rendered":"","protected":false},"excerpt":{"rendered":"","protected":false},"author":1,"featured_media":0,"parent":0,"menu_order":106,"comment_status":"closed","ping_status":"closed","template":"","meta":{"_acf_changed":false,"_seopress_robots_primary_cat":"","_seopress_titles_title":"Rencontrez l'\u00e9quipe dirigeante qui pilote l'innovation chez HYBRID Software %%sep%% %%sitetitle%%","_seopress_titles_desc":"Faites connaissance avec l'\u00e9quipe dirigeante d'HYBRID Software qui apporte des d\u00e9cennies d'exp\u00e9rience dans l'industrie des arts graphiques pour stimuler l'innovation dans les solutions de pr\u00e9presse et d'impression.","_seopress_robots_index":"","footnotes":""},"class_list":["post-45638","page","type-page","status-publish","hentry"],"acf":[],"_links":{"self":[{"href":"https:\/\/hybridsoftware.com\/fr\/wp-json\/wp\/v2\/pages\/45638","targetHints":{"allow":["GET"]}}],"collection":[{"href":"https:\/\/hybridsoftware.com\/fr\/wp-json\/wp\/v2\/pages"}],"about":[{"href":"https:\/\/hybridsoftware.com\/fr\/wp-json\/wp\/v2\/types\/page"}],"author":[{"embeddable":true,"href":"https:\/\/hybridsoftware.com\/fr\/wp-json\/wp\/v2\/users\/1"}],"replies":[{"embeddable":true,"href":"https:\/\/hybridsoftware.com\/fr\/wp-json\/wp\/v2\/comments?post=45638"}],"version-history":[{"count":0,"href":"https:\/\/hybridsoftware.com\/fr\/wp-json\/wp\/v2\/pages\/45638\/revisions"}],"wp:attachment":[{"href":"https:\/\/hybridsoftware.com\/fr\/wp-json\/wp\/v2\/media?parent=45638"}],"curies":[{"name":"wp","href":"https:\/\/api.w.org\/{rel}","templated":true}]}}