{"id":45583,"date":"2025-01-06T12:41:06","date_gmt":"2025-01-06T11:41:06","guid":{"rendered":"https:\/\/hybridsoftware.com\/gagnez-du-temps-dans-vos-processus-prepresse\/"},"modified":"2025-08-05T18:10:06","modified_gmt":"2025-08-05T16:10:06","slug":"gagnez-du-temps-dans-vos-processus-prepresse","status":"publish","type":"page","link":"https:\/\/hybridsoftware.com\/fr\/gagnez-du-temps-dans-vos-processus-prepresse\/","title":{"rendered":"Optimisez vos processus de pr\u00e9presse et gagnez du temps"},"content":{"rendered":"","protected":false},"excerpt":{"rendered":"","protected":false},"author":2,"featured_media":0,"parent":0,"menu_order":3,"comment_status":"closed","ping_status":"closed","template":"","meta":{"_acf_changed":false,"_seopress_robots_primary_cat":"","_seopress_titles_title":"\u00c9conomisez du temps dans vos processus pr\u00e9presse gr\u00e2ce \u00e0 des solutions efficaces %%sep%% %%sitetitle%%","_seopress_titles_desc":"D\u00e9couvrez comment les outils innovants de HYBRID Software peuvent rationaliser vos flux de travail pr\u00e9presse, r\u00e9duisant le temps et augmentant l'efficacit\u00e9 dans vos processus de production d'impression.","_seopress_robots_index":"","footnotes":""},"class_list":["post-45583","page","type-page","status-publish","hentry"],"acf":[],"_links":{"self":[{"href":"https:\/\/hybridsoftware.com\/fr\/wp-json\/wp\/v2\/pages\/45583","targetHints":{"allow":["GET"]}}],"collection":[{"href":"https:\/\/hybridsoftware.com\/fr\/wp-json\/wp\/v2\/pages"}],"about":[{"href":"https:\/\/hybridsoftware.com\/fr\/wp-json\/wp\/v2\/types\/page"}],"author":[{"embeddable":true,"href":"https:\/\/hybridsoftware.com\/fr\/wp-json\/wp\/v2\/users\/2"}],"replies":[{"embeddable":true,"href":"https:\/\/hybridsoftware.com\/fr\/wp-json\/wp\/v2\/comments?post=45583"}],"version-history":[{"count":0,"href":"https:\/\/hybridsoftware.com\/fr\/wp-json\/wp\/v2\/pages\/45583\/revisions"}],"wp:attachment":[{"href":"https:\/\/hybridsoftware.com\/fr\/wp-json\/wp\/v2\/media?parent=45583"}],"curies":[{"name":"wp","href":"https:\/\/api.w.org\/{rel}","templated":true}]}}