{"id":45582,"date":"2024-12-22T17:35:39","date_gmt":"2024-12-22T16:35:39","guid":{"rendered":"https:\/\/hybridsoftware.com\/proprietaires-de-marque\/"},"modified":"2025-06-18T18:39:31","modified_gmt":"2025-06-18T16:39:31","slug":"proprietaires-de-marque","status":"publish","type":"page","link":"https:\/\/hybridsoftware.com\/fr\/proprietaires-de-marque\/","title":{"rendered":"Propri\u00e9taires de marque"},"content":{"rendered":"","protected":false},"excerpt":{"rendered":"","protected":false},"author":1,"featured_media":0,"parent":0,"menu_order":2,"comment_status":"closed","ping_status":"closed","template":"","meta":{"_acf_changed":false,"_seopress_robots_primary_cat":"","_seopress_titles_title":"Solutions logicielles pour les propri\u00e9taires de marques - Rationalisez vos processus de conception et d'approbation des emballages %%sep%% %%sitetitle%%","_seopress_titles_desc":"D\u00e9couvrez comment HYBRID Software propose des solutions innovantes comme Artflow et iC3D pour am\u00e9liorer la conception des emballages, la gestion des illustrations et les flux de travail d'approbation pour les propri\u00e9taires de marques et les soci\u00e9t\u00e9s de biens de consommation emball\u00e9s.","_seopress_robots_index":"","footnotes":""},"class_list":["post-45582","page","type-page","status-publish","hentry"],"acf":[],"_links":{"self":[{"href":"https:\/\/hybridsoftware.com\/fr\/wp-json\/wp\/v2\/pages\/45582","targetHints":{"allow":["GET"]}}],"collection":[{"href":"https:\/\/hybridsoftware.com\/fr\/wp-json\/wp\/v2\/pages"}],"about":[{"href":"https:\/\/hybridsoftware.com\/fr\/wp-json\/wp\/v2\/types\/page"}],"author":[{"embeddable":true,"href":"https:\/\/hybridsoftware.com\/fr\/wp-json\/wp\/v2\/users\/1"}],"replies":[{"embeddable":true,"href":"https:\/\/hybridsoftware.com\/fr\/wp-json\/wp\/v2\/comments?post=45582"}],"version-history":[{"count":0,"href":"https:\/\/hybridsoftware.com\/fr\/wp-json\/wp\/v2\/pages\/45582\/revisions"}],"wp:attachment":[{"href":"https:\/\/hybridsoftware.com\/fr\/wp-json\/wp\/v2\/media?parent=45582"}],"curies":[{"name":"wp","href":"https:\/\/api.w.org\/{rel}","templated":true}]}}