{"id":45581,"date":"2024-12-06T17:35:00","date_gmt":"2024-12-06T16:35:00","guid":{"rendered":"https:\/\/hybridsoftware.com\/magasins-et-pre-medias\/"},"modified":"2025-07-28T14:31:56","modified_gmt":"2025-07-28T12:31:56","slug":"magasins-et-pre-medias","status":"publish","type":"page","link":"https:\/\/hybridsoftware.com\/fr\/magasins-et-pre-medias\/","title":{"rendered":"Magasins et pr\u00e9-m\u00e9dias"},"content":{"rendered":"","protected":false},"excerpt":{"rendered":"","protected":false},"author":1,"featured_media":0,"parent":0,"menu_order":2,"comment_status":"closed","ping_status":"closed","template":"","meta":{"_acf_changed":false,"_seopress_robots_primary_cat":"","_seopress_titles_title":"Solutions logicielles pour les ateliers de fa\u00e7onnage et les maisons de pr\u00e9-m\u00e9dia - rationalisation des flux de travail pr\u00e9presse %%sep%% %%sitetitle%%","_seopress_titles_desc":"D\u00e9couvrez comment les outils innovants de HYBRID Software, incluant CLOUDFLOW et PACKZ, am\u00e9liorent l'efficacit\u00e9 des ateliers de fa\u00e7onnage et des maisons de pr\u00e9-m\u00e9dia en automatisant les processus pr\u00e9presse, en r\u00e9duisant les erreurs et en acc\u00e9l\u00e9rant les d\u00e9lais d'ex\u00e9cution.","_seopress_robots_index":"","footnotes":""},"class_list":["post-45581","page","type-page","status-publish","hentry"],"acf":[],"_links":{"self":[{"href":"https:\/\/hybridsoftware.com\/fr\/wp-json\/wp\/v2\/pages\/45581","targetHints":{"allow":["GET"]}}],"collection":[{"href":"https:\/\/hybridsoftware.com\/fr\/wp-json\/wp\/v2\/pages"}],"about":[{"href":"https:\/\/hybridsoftware.com\/fr\/wp-json\/wp\/v2\/types\/page"}],"author":[{"embeddable":true,"href":"https:\/\/hybridsoftware.com\/fr\/wp-json\/wp\/v2\/users\/1"}],"replies":[{"embeddable":true,"href":"https:\/\/hybridsoftware.com\/fr\/wp-json\/wp\/v2\/comments?post=45581"}],"version-history":[{"count":0,"href":"https:\/\/hybridsoftware.com\/fr\/wp-json\/wp\/v2\/pages\/45581\/revisions"}],"wp:attachment":[{"href":"https:\/\/hybridsoftware.com\/fr\/wp-json\/wp\/v2\/media?parent=45581"}],"curies":[{"name":"wp","href":"https:\/\/api.w.org\/{rel}","templated":true}]}}