{"id":45580,"date":"2024-12-05T14:04:45","date_gmt":"2024-12-05T13:04:45","guid":{"rendered":"https:\/\/hybridsoftware.com\/imprimantes-de-boites-metalliques-et-dts\/"},"modified":"2025-06-18T18:17:30","modified_gmt":"2025-06-18T16:17:30","slug":"imprimantes-de-boites-metalliques-et-dts","status":"publish","type":"page","link":"https:\/\/hybridsoftware.com\/fr\/imprimantes-de-boites-metalliques-et-dts\/","title":{"rendered":"Imprimantes de bo\u00eetes m\u00e9talliques et DTS"},"content":{"rendered":"","protected":false},"excerpt":{"rendered":"","protected":false},"author":1,"featured_media":0,"parent":0,"menu_order":2,"comment_status":"closed","ping_status":"closed","template":"","meta":{"_acf_changed":false,"_seopress_robots_primary_cat":"","_seopress_titles_title":"Solutions logicielles pour les imprimeurs de bo\u00eetes m\u00e9talliques et d'impression directe sur forme %%sep%% %%sitetitle%%","_seopress_titles_desc":"D\u00e9couvrez comment les outils avanc\u00e9s de HYBRID Software, incluant une visualisation 3D am\u00e9lior\u00e9e et le trac\u00e9 de rayons pour les manchons r\u00e9tractables et les bo\u00eetes m\u00e9talliques embouties, rationalisent les flux de travail pr\u00e9presse pour l'impression sur bo\u00eetes m\u00e9talliques et l'impression directe sur forme, assurant efficacit\u00e9 et production de haute qualit\u00e9.","_seopress_robots_index":"","footnotes":""},"class_list":["post-45580","page","type-page","status-publish","hentry"],"acf":[],"_links":{"self":[{"href":"https:\/\/hybridsoftware.com\/fr\/wp-json\/wp\/v2\/pages\/45580","targetHints":{"allow":["GET"]}}],"collection":[{"href":"https:\/\/hybridsoftware.com\/fr\/wp-json\/wp\/v2\/pages"}],"about":[{"href":"https:\/\/hybridsoftware.com\/fr\/wp-json\/wp\/v2\/types\/page"}],"author":[{"embeddable":true,"href":"https:\/\/hybridsoftware.com\/fr\/wp-json\/wp\/v2\/users\/1"}],"replies":[{"embeddable":true,"href":"https:\/\/hybridsoftware.com\/fr\/wp-json\/wp\/v2\/comments?post=45580"}],"version-history":[{"count":0,"href":"https:\/\/hybridsoftware.com\/fr\/wp-json\/wp\/v2\/pages\/45580\/revisions"}],"wp:attachment":[{"href":"https:\/\/hybridsoftware.com\/fr\/wp-json\/wp\/v2\/media?parent=45580"}],"curies":[{"name":"wp","href":"https:\/\/api.w.org\/{rel}","templated":true}]}}