{"id":45579,"date":"2024-12-03T17:32:40","date_gmt":"2024-12-03T16:32:40","guid":{"rendered":"https:\/\/hybridsoftware.com\/imprimantes-pour-carton-ondule\/"},"modified":"2025-07-28T14:18:32","modified_gmt":"2025-07-28T12:18:32","slug":"imprimantes-pour-carton-ondule","status":"publish","type":"page","link":"https:\/\/hybridsoftware.com\/fr\/imprimantes-pour-carton-ondule\/","title":{"rendered":"Imprimeurs de carton ondul\u00e9"},"content":{"rendered":"","protected":false},"excerpt":{"rendered":"","protected":false},"author":1,"featured_media":0,"parent":0,"menu_order":2,"comment_status":"closed","ping_status":"closed","template":"","meta":{"_acf_changed":false,"_seopress_robots_primary_cat":"","_seopress_titles_title":"Solutions logicielles pour imprimeurs de carton ondul\u00e9 - am\u00e9liorez l'efficacit\u00e9 et embrassez la transformation num\u00e9rique %%sep%% %%sitetitle%%","_seopress_titles_desc":"D\u00e9couvrez comment les outils innovants de HYBRID Software rationalisent les flux de travail d'impression de carton ondul\u00e9, r\u00e9duisent les points de contact et facilitent la transition vers l'impression num\u00e9rique, augmentant ainsi l'efficacit\u00e9 et la satisfaction client.","_seopress_robots_index":"","footnotes":""},"class_list":["post-45579","page","type-page","status-publish","hentry"],"acf":[],"_links":{"self":[{"href":"https:\/\/hybridsoftware.com\/fr\/wp-json\/wp\/v2\/pages\/45579","targetHints":{"allow":["GET"]}}],"collection":[{"href":"https:\/\/hybridsoftware.com\/fr\/wp-json\/wp\/v2\/pages"}],"about":[{"href":"https:\/\/hybridsoftware.com\/fr\/wp-json\/wp\/v2\/types\/page"}],"author":[{"embeddable":true,"href":"https:\/\/hybridsoftware.com\/fr\/wp-json\/wp\/v2\/users\/1"}],"replies":[{"embeddable":true,"href":"https:\/\/hybridsoftware.com\/fr\/wp-json\/wp\/v2\/comments?post=45579"}],"version-history":[{"count":0,"href":"https:\/\/hybridsoftware.com\/fr\/wp-json\/wp\/v2\/pages\/45579\/revisions"}],"wp:attachment":[{"href":"https:\/\/hybridsoftware.com\/fr\/wp-json\/wp\/v2\/media?parent=45579"}],"curies":[{"name":"wp","href":"https:\/\/api.w.org\/{rel}","templated":true}]}}