{"id":45578,"date":"2024-12-03T17:17:46","date_gmt":"2024-12-03T16:17:46","guid":{"rendered":"https:\/\/hybridsoftware.com\/imprimantes-pour-carton-compact\/"},"modified":"2025-07-28T14:06:09","modified_gmt":"2025-07-28T12:06:09","slug":"imprimantes-pour-carton-compact","status":"publish","type":"page","link":"https:\/\/hybridsoftware.com\/fr\/imprimantes-pour-carton-compact\/","title":{"rendered":"Imprimeurs de bo\u00eetes pliantes"},"content":{"rendered":"","protected":false},"excerpt":{"rendered":"","protected":false},"author":1,"featured_media":0,"parent":0,"menu_order":2,"comment_status":"closed","ping_status":"closed","template":"","meta":{"_acf_changed":false,"_seopress_robots_primary_cat":"","_seopress_titles_title":"Solutions logicielles pour les imprimeurs de cartons pliants - rationalisation des flux de travail de pr\u00e9presse et d'impression %%sep%% %%sitetitle%%","_seopress_titles_desc":"D\u00e9couvrez comment les outils innovants de HYBRID Software, notamment PACKZ et CLOUDFLOW, am\u00e9liorent l'efficacit\u00e9 et r\u00e9duisent le d\u00e9lai de mise sur le march\u00e9 pour les imprimeurs de cartons pliants en automatisant les processus de pr\u00e9presse et en s'int\u00e9grant parfaitement aux syst\u00e8mes existants.","_seopress_robots_index":"","footnotes":""},"class_list":["post-45578","page","type-page","status-publish","hentry"],"acf":[],"_links":{"self":[{"href":"https:\/\/hybridsoftware.com\/fr\/wp-json\/wp\/v2\/pages\/45578","targetHints":{"allow":["GET"]}}],"collection":[{"href":"https:\/\/hybridsoftware.com\/fr\/wp-json\/wp\/v2\/pages"}],"about":[{"href":"https:\/\/hybridsoftware.com\/fr\/wp-json\/wp\/v2\/types\/page"}],"author":[{"embeddable":true,"href":"https:\/\/hybridsoftware.com\/fr\/wp-json\/wp\/v2\/users\/1"}],"replies":[{"embeddable":true,"href":"https:\/\/hybridsoftware.com\/fr\/wp-json\/wp\/v2\/comments?post=45578"}],"version-history":[{"count":0,"href":"https:\/\/hybridsoftware.com\/fr\/wp-json\/wp\/v2\/pages\/45578\/revisions"}],"wp:attachment":[{"href":"https:\/\/hybridsoftware.com\/fr\/wp-json\/wp\/v2\/media?parent=45578"}],"curies":[{"name":"wp","href":"https:\/\/api.w.org\/{rel}","templated":true}]}}