{"id":45577,"date":"2024-12-02T16:12:42","date_gmt":"2024-12-02T15:12:42","guid":{"rendered":"https:\/\/hybridsoftware.com\/imprimantes-de-packaging-souple\/"},"modified":"2025-07-28T13:29:52","modified_gmt":"2025-07-28T11:29:52","slug":"imprimantes-de-packaging-souple","status":"publish","type":"page","link":"https:\/\/hybridsoftware.com\/fr\/imprimantes-de-packaging-souple\/","title":{"rendered":"Imprimeurs d&#8217;emballages souples"},"content":{"rendered":"","protected":false},"excerpt":{"rendered":"","protected":false},"author":1,"featured_media":0,"parent":0,"menu_order":2,"comment_status":"closed","ping_status":"closed","template":"","meta":{"_acf_changed":false,"_seopress_robots_primary_cat":"","_seopress_titles_title":"Solutions logicielles pour les imprimeurs d'emballages souples - Rationalisation des flux de travail de pr\u00e9presse et d'impression %%sep%% %%sitetitle%%","_seopress_titles_desc":"D\u00e9couvrez comment les outils innovants d'HYBRID Software, notamment PACKZ et CLOUDFLOW, am\u00e9liorent l'efficacit\u00e9 et r\u00e9duisent les d\u00e9lais de mise sur le march\u00e9 pour les imprimeurs d'emballages souples en automatisant les processus pr\u00e9presse et en s'int\u00e9grant de mani\u00e8re transparente aux syst\u00e8mes existants.","_seopress_robots_index":"","footnotes":""},"class_list":["post-45577","page","type-page","status-publish","hentry"],"acf":[],"_links":{"self":[{"href":"https:\/\/hybridsoftware.com\/fr\/wp-json\/wp\/v2\/pages\/45577","targetHints":{"allow":["GET"]}}],"collection":[{"href":"https:\/\/hybridsoftware.com\/fr\/wp-json\/wp\/v2\/pages"}],"about":[{"href":"https:\/\/hybridsoftware.com\/fr\/wp-json\/wp\/v2\/types\/page"}],"author":[{"embeddable":true,"href":"https:\/\/hybridsoftware.com\/fr\/wp-json\/wp\/v2\/users\/1"}],"replies":[{"embeddable":true,"href":"https:\/\/hybridsoftware.com\/fr\/wp-json\/wp\/v2\/comments?post=45577"}],"version-history":[{"count":0,"href":"https:\/\/hybridsoftware.com\/fr\/wp-json\/wp\/v2\/pages\/45577\/revisions"}],"wp:attachment":[{"href":"https:\/\/hybridsoftware.com\/fr\/wp-json\/wp\/v2\/media?parent=45577"}],"curies":[{"name":"wp","href":"https:\/\/api.w.org\/{rel}","templated":true}]}}