{"id":45576,"date":"2024-12-02T15:51:29","date_gmt":"2024-12-02T14:51:29","guid":{"rendered":"https:\/\/hybridsoftware.com\/concretisez-lautomatisation-du-flux-dimpression\/"},"modified":"2025-06-19T12:44:54","modified_gmt":"2025-06-19T10:44:54","slug":"concretisez-lautomatisation-du-flux-dimpression","status":"publish","type":"page","link":"https:\/\/hybridsoftware.com\/fr\/concretisez-lautomatisation-du-flux-dimpression\/","title":{"rendered":"Automatiser vos flux d&#8217;impression"},"content":{"rendered":"","protected":false},"excerpt":{"rendered":"","protected":false},"author":1,"featured_media":0,"parent":0,"menu_order":6,"comment_status":"closed","ping_status":"closed","template":"","meta":{"_acf_changed":false,"_seopress_robots_primary_cat":"","_seopress_titles_title":"R\u00e9alisez l'automatisation du flux de travail d'impression et optimisez votre production %%sep%% %%sitetitle%%","_seopress_titles_desc":"D\u00e9couvrez comment les solutions de HYBRID Software peuvent vous aider \u00e0 automatiser vos flux de travail d'impression, r\u00e9duisant les co\u00fbts, rationalisant les processus et acc\u00e9l\u00e9rant les d\u00e9lais d'ex\u00e9cution.","_seopress_robots_index":"","footnotes":""},"class_list":["post-45576","page","type-page","status-publish","hentry"],"acf":[],"_links":{"self":[{"href":"https:\/\/hybridsoftware.com\/fr\/wp-json\/wp\/v2\/pages\/45576","targetHints":{"allow":["GET"]}}],"collection":[{"href":"https:\/\/hybridsoftware.com\/fr\/wp-json\/wp\/v2\/pages"}],"about":[{"href":"https:\/\/hybridsoftware.com\/fr\/wp-json\/wp\/v2\/types\/page"}],"author":[{"embeddable":true,"href":"https:\/\/hybridsoftware.com\/fr\/wp-json\/wp\/v2\/users\/1"}],"replies":[{"embeddable":true,"href":"https:\/\/hybridsoftware.com\/fr\/wp-json\/wp\/v2\/comments?post=45576"}],"version-history":[{"count":0,"href":"https:\/\/hybridsoftware.com\/fr\/wp-json\/wp\/v2\/pages\/45576\/revisions"}],"wp:attachment":[{"href":"https:\/\/hybridsoftware.com\/fr\/wp-json\/wp\/v2\/media?parent=45576"}],"curies":[{"name":"wp","href":"https:\/\/api.w.org\/{rel}","templated":true}]}}