{"id":45575,"date":"2024-12-02T15:42:33","date_gmt":"2024-12-02T14:42:33","guid":{"rendered":"https:\/\/hybridsoftware.com\/rationalisez-le-processus-de-conception-grace-a-la-3d\/"},"modified":"2025-08-04T16:55:38","modified_gmt":"2025-08-04T14:55:38","slug":"rationalisez-le-processus-de-conception-grace-a-la-3d","status":"publish","type":"page","link":"https:\/\/hybridsoftware.com\/fr\/rationalisez-le-processus-de-conception-grace-a-la-3d\/","title":{"rendered":"Simplifier la conception d&#8217;emballages avec la 3D"},"content":{"rendered":"","protected":false},"excerpt":{"rendered":"","protected":false},"author":1,"featured_media":0,"parent":0,"menu_order":5,"comment_status":"closed","ping_status":"closed","template":"","meta":{"_acf_changed":false,"_seopress_robots_primary_cat":"","_seopress_titles_title":"Optimisez votre processus de conception avec des solutions de visualisation 3D %%sep%% %%sitetitle%%","_seopress_titles_desc":"D\u00e9couvrez comment l'int\u00e9gration d'outils de visualisation 3D dans votre flux de travail de conception peut am\u00e9liorer l'efficacit\u00e9, r\u00e9duire les erreurs et acc\u00e9l\u00e9rer la mise sur le march\u00e9 de vos projets d'emballage.","_seopress_robots_index":"","footnotes":""},"class_list":["post-45575","page","type-page","status-publish","hentry"],"acf":[],"_links":{"self":[{"href":"https:\/\/hybridsoftware.com\/fr\/wp-json\/wp\/v2\/pages\/45575","targetHints":{"allow":["GET"]}}],"collection":[{"href":"https:\/\/hybridsoftware.com\/fr\/wp-json\/wp\/v2\/pages"}],"about":[{"href":"https:\/\/hybridsoftware.com\/fr\/wp-json\/wp\/v2\/types\/page"}],"author":[{"embeddable":true,"href":"https:\/\/hybridsoftware.com\/fr\/wp-json\/wp\/v2\/users\/1"}],"replies":[{"embeddable":true,"href":"https:\/\/hybridsoftware.com\/fr\/wp-json\/wp\/v2\/comments?post=45575"}],"version-history":[{"count":0,"href":"https:\/\/hybridsoftware.com\/fr\/wp-json\/wp\/v2\/pages\/45575\/revisions"}],"wp:attachment":[{"href":"https:\/\/hybridsoftware.com\/fr\/wp-json\/wp\/v2\/media?parent=45575"}],"curies":[{"name":"wp","href":"https:\/\/api.w.org\/{rel}","templated":true}]}}