{"id":45574,"date":"2024-12-02T15:32:22","date_gmt":"2024-12-02T14:32:22","guid":{"rendered":"https:\/\/hybridsoftware.com\/la-fusion-de-limpression-numerique-et-conventionnelle\/"},"modified":"2025-06-19T11:50:14","modified_gmt":"2025-06-19T09:50:14","slug":"la-fusion-de-limpression-numerique-et-conventionnelle","status":"publish","type":"page","link":"https:\/\/hybridsoftware.com\/fr\/la-fusion-de-limpression-numerique-et-conventionnelle\/","title":{"rendered":"Combiner l&#8217;impression num\u00e9rique et conventionnelle"},"content":{"rendered":"","protected":false},"excerpt":{"rendered":"","protected":false},"author":1,"featured_media":0,"parent":0,"menu_order":4,"comment_status":"closed","ping_status":"closed","template":"","meta":{"_acf_changed":false,"_seopress_robots_primary_cat":"","_seopress_titles_title":"Int\u00e9grez harmonieusement l'impression num\u00e9rique et conventionnelle avec HYBRID Software %%sep%% %%sitetitle%%","_seopress_titles_desc":"D\u00e9couvrez comment les solutions de HYBRID Software permettent l'int\u00e9gration des technologies d'impression num\u00e9rique et conventionnelle, optimisant votre production d'imprim\u00e9s pour plus de flexibilit\u00e9 et d'efficacit\u00e9.","_seopress_robots_index":"","footnotes":""},"class_list":["post-45574","page","type-page","status-publish","hentry"],"acf":[],"_links":{"self":[{"href":"https:\/\/hybridsoftware.com\/fr\/wp-json\/wp\/v2\/pages\/45574","targetHints":{"allow":["GET"]}}],"collection":[{"href":"https:\/\/hybridsoftware.com\/fr\/wp-json\/wp\/v2\/pages"}],"about":[{"href":"https:\/\/hybridsoftware.com\/fr\/wp-json\/wp\/v2\/types\/page"}],"author":[{"embeddable":true,"href":"https:\/\/hybridsoftware.com\/fr\/wp-json\/wp\/v2\/users\/1"}],"replies":[{"embeddable":true,"href":"https:\/\/hybridsoftware.com\/fr\/wp-json\/wp\/v2\/comments?post=45574"}],"version-history":[{"count":0,"href":"https:\/\/hybridsoftware.com\/fr\/wp-json\/wp\/v2\/pages\/45574\/revisions"}],"wp:attachment":[{"href":"https:\/\/hybridsoftware.com\/fr\/wp-json\/wp\/v2\/media?parent=45574"}],"curies":[{"name":"wp","href":"https:\/\/api.w.org\/{rel}","templated":true}]}}