{"id":45573,"date":"2024-12-02T15:13:48","date_gmt":"2024-12-02T14:13:48","guid":{"rendered":"https:\/\/hybridsoftware.com\/gestion-de-la-couleur-daccompagnement\/"},"modified":"2025-06-19T11:21:35","modified_gmt":"2025-06-19T09:21:35","slug":"gestion-de-la-couleur-daccompagnement","status":"publish","type":"page","link":"https:\/\/hybridsoftware.com\/fr\/gestion-de-la-couleur-daccompagnement\/","title":{"rendered":"Gestion de la couleur d\u2019accompagnement"},"content":{"rendered":"","protected":false},"excerpt":{"rendered":"","protected":false},"author":1,"featured_media":0,"parent":0,"menu_order":3,"comment_status":"closed","ping_status":"closed","template":"","meta":{"_acf_changed":false,"_seopress_robots_primary_cat":"","_seopress_titles_title":"Gestion des couleurs pr\u00e9cise : obtenir des couleurs exactes et coh\u00e9rentes %%sep%% %%sitetitle%%","_seopress_titles_desc":"D\u00e9couvrez comment les solutions avanc\u00e9es de gestion des couleurs de HYBRID Software assurent une reproduction pr\u00e9cise et coh\u00e9rente des couleurs pour tous vos projets d'impression, am\u00e9liorant ainsi la qualit\u00e9 et la satisfaction client.","_seopress_robots_index":"","footnotes":""},"class_list":["post-45573","page","type-page","status-publish","hentry"],"acf":[],"_links":{"self":[{"href":"https:\/\/hybridsoftware.com\/fr\/wp-json\/wp\/v2\/pages\/45573","targetHints":{"allow":["GET"]}}],"collection":[{"href":"https:\/\/hybridsoftware.com\/fr\/wp-json\/wp\/v2\/pages"}],"about":[{"href":"https:\/\/hybridsoftware.com\/fr\/wp-json\/wp\/v2\/types\/page"}],"author":[{"embeddable":true,"href":"https:\/\/hybridsoftware.com\/fr\/wp-json\/wp\/v2\/users\/1"}],"replies":[{"embeddable":true,"href":"https:\/\/hybridsoftware.com\/fr\/wp-json\/wp\/v2\/comments?post=45573"}],"version-history":[{"count":0,"href":"https:\/\/hybridsoftware.com\/fr\/wp-json\/wp\/v2\/pages\/45573\/revisions"}],"wp:attachment":[{"href":"https:\/\/hybridsoftware.com\/fr\/wp-json\/wp\/v2\/media?parent=45573"}],"curies":[{"name":"wp","href":"https:\/\/api.w.org\/{rel}","templated":true}]}}