{"id":45572,"date":"2024-11-18T10:05:33","date_gmt":"2024-11-18T09:05:33","guid":{"rendered":"https:\/\/hybridsoftware.com\/imprimantes-de-balises-et-detiquettes\/"},"modified":"2026-03-25T17:03:20","modified_gmt":"2026-03-25T16:03:20","slug":"imprimantes-de-balises-et-detiquettes","status":"publish","type":"page","link":"https:\/\/hybridsoftware.com\/fr\/imprimantes-de-balises-et-detiquettes\/","title":{"rendered":"Imprimeurs d&#8217;\u00e9tiquettes et de badges"},"content":{"rendered":"","protected":false},"excerpt":{"rendered":"","protected":false},"author":1,"featured_media":0,"parent":0,"menu_order":1,"comment_status":"closed","ping_status":"closed","template":"","meta":{"_acf_changed":false,"_seopress_robots_primary_cat":"","_seopress_titles_title":"Solutions logicielles pour les imprimantes d'\u00e9tiquettes %%sep%% %%sitetitle%%","_seopress_titles_desc":"D\u00e9couvrez les solutions innovantes d'HYBRID Software con\u00e7ues pour les imprimeurs d'\u00e9tiquettes et d'autocollants, qui permettent de r\u00e9duire les co\u00fbts, de rationaliser les processus et d'acc\u00e9l\u00e9rer les d\u00e9lais d'ex\u00e9cution dans les domaines de la pr\u00e9presse et de la production d'imprim\u00e9s.","_seopress_robots_index":"","footnotes":""},"class_list":["post-45572","page","type-page","status-publish","hentry"],"acf":[],"_links":{"self":[{"href":"https:\/\/hybridsoftware.com\/fr\/wp-json\/wp\/v2\/pages\/45572","targetHints":{"allow":["GET"]}}],"collection":[{"href":"https:\/\/hybridsoftware.com\/fr\/wp-json\/wp\/v2\/pages"}],"about":[{"href":"https:\/\/hybridsoftware.com\/fr\/wp-json\/wp\/v2\/types\/page"}],"author":[{"embeddable":true,"href":"https:\/\/hybridsoftware.com\/fr\/wp-json\/wp\/v2\/users\/1"}],"replies":[{"embeddable":true,"href":"https:\/\/hybridsoftware.com\/fr\/wp-json\/wp\/v2\/comments?post=45572"}],"version-history":[{"count":1,"href":"https:\/\/hybridsoftware.com\/fr\/wp-json\/wp\/v2\/pages\/45572\/revisions"}],"predecessor-version":[{"id":57359,"href":"https:\/\/hybridsoftware.com\/fr\/wp-json\/wp\/v2\/pages\/45572\/revisions\/57359"}],"wp:attachment":[{"href":"https:\/\/hybridsoftware.com\/fr\/wp-json\/wp\/v2\/media?parent=45572"}],"curies":[{"name":"wp","href":"https:\/\/api.w.org\/{rel}","templated":true}]}}