{"id":45570,"date":"2025-01-08T14:56:49","date_gmt":"2025-01-08T13:56:49","guid":{"rendered":"https:\/\/hybridsoftware.com\/commercialisez-votre-presse-plus-rapidement\/"},"modified":"2026-02-24T10:31:16","modified_gmt":"2026-02-24T09:31:16","slug":"commercialisez-votre-presse-plus-rapidement","status":"publish","type":"page","link":"https:\/\/hybridsoftware.com\/fr\/commercialisez-votre-presse-plus-rapidement\/","title":{"rendered":"Commercialisez votre presse plus rapidement"},"content":{"rendered":"","protected":false},"excerpt":{"rendered":"","protected":false},"author":2,"featured_media":0,"parent":0,"menu_order":126,"comment_status":"closed","ping_status":"closed","template":"","meta":{"_acf_changed":false,"_seopress_robots_primary_cat":"","_seopress_titles_title":"Acc\u00e9l\u00e9rez la mise sur le march\u00e9 de votre presse %%sep%% %%sitetitle%%","_seopress_titles_desc":"D\u00e9couvrez comment les outils innovants de HYBRID Software peuvent rationaliser vos flux de travail pr\u00e9presse et d'impression, r\u00e9duire les d\u00e9lais de mise sur le march\u00e9 et am\u00e9liorer l'efficacit\u00e9 de la production.","_seopress_robots_index":"","footnotes":""},"class_list":["post-45570","page","type-page","status-publish","hentry"],"acf":[],"_links":{"self":[{"href":"https:\/\/hybridsoftware.com\/fr\/wp-json\/wp\/v2\/pages\/45570","targetHints":{"allow":["GET"]}}],"collection":[{"href":"https:\/\/hybridsoftware.com\/fr\/wp-json\/wp\/v2\/pages"}],"about":[{"href":"https:\/\/hybridsoftware.com\/fr\/wp-json\/wp\/v2\/types\/page"}],"author":[{"embeddable":true,"href":"https:\/\/hybridsoftware.com\/fr\/wp-json\/wp\/v2\/users\/2"}],"replies":[{"embeddable":true,"href":"https:\/\/hybridsoftware.com\/fr\/wp-json\/wp\/v2\/comments?post=45570"}],"version-history":[{"count":1,"href":"https:\/\/hybridsoftware.com\/fr\/wp-json\/wp\/v2\/pages\/45570\/revisions"}],"predecessor-version":[{"id":55531,"href":"https:\/\/hybridsoftware.com\/fr\/wp-json\/wp\/v2\/pages\/45570\/revisions\/55531"}],"wp:attachment":[{"href":"https:\/\/hybridsoftware.com\/fr\/wp-json\/wp\/v2\/media?parent=45570"}],"curies":[{"name":"wp","href":"https:\/\/api.w.org\/{rel}","templated":true}]}}