{"id":45569,"date":"2024-10-23T15:17:55","date_gmt":"2024-10-23T13:17:55","guid":{"rendered":"https:\/\/hybridsoftware.com\/conseil\/"},"modified":"2026-04-09T17:29:37","modified_gmt":"2026-04-09T15:29:37","slug":"conseil","status":"publish","type":"page","link":"https:\/\/hybridsoftware.com\/fr\/conseil\/","title":{"rendered":"Expertise-conseil"},"content":{"rendered":"","protected":false},"excerpt":{"rendered":"","protected":false},"author":1,"featured_media":0,"parent":0,"menu_order":109,"comment_status":"closed","ping_status":"closed","template":"","meta":{"_acf_changed":false,"_seopress_robots_primary_cat":"","_seopress_titles_title":"Accompagnement expert pour l'optimisation des flux de travail d'impression avec les services de conseil HYBRID Software %%sep%% %%sitetitle%%","_seopress_titles_desc":"Tirez parti des services de conseil de HYBRID Software pour am\u00e9liorer vos processus de production d'impression. Nos experts proposent des solutions sur mesure pour rationaliser les flux de travail, r\u00e9duire les co\u00fbts et am\u00e9liorer l'efficacit\u00e9 dans l'industrie des arts graphiques. ","_seopress_robots_index":"","footnotes":""},"class_list":["post-45569","page","type-page","status-publish","hentry"],"acf":[],"_links":{"self":[{"href":"https:\/\/hybridsoftware.com\/fr\/wp-json\/wp\/v2\/pages\/45569","targetHints":{"allow":["GET"]}}],"collection":[{"href":"https:\/\/hybridsoftware.com\/fr\/wp-json\/wp\/v2\/pages"}],"about":[{"href":"https:\/\/hybridsoftware.com\/fr\/wp-json\/wp\/v2\/types\/page"}],"author":[{"embeddable":true,"href":"https:\/\/hybridsoftware.com\/fr\/wp-json\/wp\/v2\/users\/1"}],"replies":[{"embeddable":true,"href":"https:\/\/hybridsoftware.com\/fr\/wp-json\/wp\/v2\/comments?post=45569"}],"version-history":[{"count":1,"href":"https:\/\/hybridsoftware.com\/fr\/wp-json\/wp\/v2\/pages\/45569\/revisions"}],"predecessor-version":[{"id":57779,"href":"https:\/\/hybridsoftware.com\/fr\/wp-json\/wp\/v2\/pages\/45569\/revisions\/57779"}],"wp:attachment":[{"href":"https:\/\/hybridsoftware.com\/fr\/wp-json\/wp\/v2\/media?parent=45569"}],"curies":[{"name":"wp","href":"https:\/\/api.w.org\/{rel}","templated":true}]}}