{"id":45568,"date":"2024-10-23T15:08:31","date_gmt":"2024-10-23T13:08:31","guid":{"rendered":"https:\/\/hybridsoftware.com\/assistance\/"},"modified":"2025-06-15T09:00:40","modified_gmt":"2025-06-15T07:00:40","slug":"assistance","status":"publish","type":"page","link":"https:\/\/hybridsoftware.com\/fr\/assistance\/","title":{"rendered":"Assistance"},"content":{"rendered":"","protected":false},"excerpt":{"rendered":"","protected":false},"author":1,"featured_media":0,"parent":0,"menu_order":108,"comment_status":"closed","ping_status":"closed","template":"","meta":{"_acf_changed":false,"_seopress_robots_primary_cat":"","_seopress_titles_title":"Assistance HYBRID Software : aide compl\u00e8te pour les solutions de l'industrie de l'imprimerie %%sep%% %%sitetitle%%","_seopress_titles_desc":"Acc\u00e9dez aux services d'assistance de HYBRID Software, comprenant l'assistance technique, les guides de d\u00e9pannage et les ressources pour optimiser vos flux de travail de pr\u00e9presse et d'impression.","_seopress_robots_index":"","footnotes":""},"class_list":["post-45568","page","type-page","status-publish","hentry"],"acf":[],"_links":{"self":[{"href":"https:\/\/hybridsoftware.com\/fr\/wp-json\/wp\/v2\/pages\/45568","targetHints":{"allow":["GET"]}}],"collection":[{"href":"https:\/\/hybridsoftware.com\/fr\/wp-json\/wp\/v2\/pages"}],"about":[{"href":"https:\/\/hybridsoftware.com\/fr\/wp-json\/wp\/v2\/types\/page"}],"author":[{"embeddable":true,"href":"https:\/\/hybridsoftware.com\/fr\/wp-json\/wp\/v2\/users\/1"}],"replies":[{"embeddable":true,"href":"https:\/\/hybridsoftware.com\/fr\/wp-json\/wp\/v2\/comments?post=45568"}],"version-history":[{"count":0,"href":"https:\/\/hybridsoftware.com\/fr\/wp-json\/wp\/v2\/pages\/45568\/revisions"}],"wp:attachment":[{"href":"https:\/\/hybridsoftware.com\/fr\/wp-json\/wp\/v2\/media?parent=45568"}],"curies":[{"name":"wp","href":"https:\/\/api.w.org\/{rel}","templated":true}]}}