{"id":45567,"date":"2024-09-19T12:38:09","date_gmt":"2024-09-19T10:38:09","guid":{"rendered":"https:\/\/hybridsoftware.com\/page-daccueil\/"},"modified":"2026-03-24T15:33:51","modified_gmt":"2026-03-24T14:33:51","slug":"page-daccueil","status":"publish","type":"page","link":"https:\/\/hybridsoftware.com\/fr\/","title":{"rendered":"Page d&#8217;accueil"},"content":{"rendered":"","protected":false},"excerpt":{"rendered":"","protected":false},"author":2,"featured_media":50106,"parent":0,"menu_order":104,"comment_status":"closed","ping_status":"closed","template":"","meta":{"_acf_changed":false,"_seopress_robots_primary_cat":"","_seopress_titles_title":"Solutions innovantes de gestion des flux de travail pour l'industrie de l'impression %%sep%% %%sitetitle%%","_seopress_titles_desc":"D\u00e9couvrez HYBRID Software - leader mondial des solutions de flux de travail pr\u00e9presse pour l'emballage, les \u00e9tiquettes et l'impression num\u00e9rique. Des logiciels plus intelligents pour une production d'impression efficace. ","_seopress_robots_index":"","footnotes":""},"class_list":["post-45567","page","type-page","status-publish","has-post-thumbnail","hentry"],"acf":[],"_links":{"self":[{"href":"https:\/\/hybridsoftware.com\/fr\/wp-json\/wp\/v2\/pages\/45567","targetHints":{"allow":["GET"]}}],"collection":[{"href":"https:\/\/hybridsoftware.com\/fr\/wp-json\/wp\/v2\/pages"}],"about":[{"href":"https:\/\/hybridsoftware.com\/fr\/wp-json\/wp\/v2\/types\/page"}],"author":[{"embeddable":true,"href":"https:\/\/hybridsoftware.com\/fr\/wp-json\/wp\/v2\/users\/2"}],"replies":[{"embeddable":true,"href":"https:\/\/hybridsoftware.com\/fr\/wp-json\/wp\/v2\/comments?post=45567"}],"version-history":[{"count":4,"href":"https:\/\/hybridsoftware.com\/fr\/wp-json\/wp\/v2\/pages\/45567\/revisions"}],"predecessor-version":[{"id":55382,"href":"https:\/\/hybridsoftware.com\/fr\/wp-json\/wp\/v2\/pages\/45567\/revisions\/55382"}],"wp:featuredmedia":[{"embeddable":true,"href":"https:\/\/hybridsoftware.com\/fr\/wp-json\/wp\/v2\/media\/50106"}],"wp:attachment":[{"href":"https:\/\/hybridsoftware.com\/fr\/wp-json\/wp\/v2\/media?parent=45567"}],"curies":[{"name":"wp","href":"https:\/\/api.w.org\/{rel}","templated":true}]}}