{"id":45565,"date":"2024-09-18T17:36:11","date_gmt":"2024-09-18T15:36:11","guid":{"rendered":"https:\/\/hybridsoftware.com\/oem-et-isv-dans-limpression\/"},"modified":"2025-11-05T13:28:12","modified_gmt":"2025-11-05T12:28:12","slug":"oem-et-isv-dans-limpression","status":"publish","type":"page","link":"https:\/\/hybridsoftware.com\/fr\/oem-et-isv-dans-limpression\/","title":{"rendered":"OEM et ISV dans l\u2019impression"},"content":{"rendered":"","protected":false},"excerpt":{"rendered":"","protected":false},"author":2,"featured_media":0,"parent":0,"menu_order":8,"comment_status":"closed","ping_status":"closed","template":"","meta":{"_acf_changed":false,"_seopress_robots_primary_cat":"","_seopress_titles_title":"Software Solutions for Print OEMs and ISVs \u2013 Empowering Innovation in Industrial Printing %%sep%% %%sitetitle%%","_seopress_titles_desc":"D\u00e9couvrez les solutions avanc\u00e9es de HYBRID Software con\u00e7ues sur mesure pour les fabricants d'\u00e9quipements d'impression (OEM) et les \u00e9diteurs de logiciels ind\u00e9pendants (ISV), notamment SmartDFE\u2122, une solution compl\u00e8te de frontal num\u00e9rique pour les presses \u00e0 jet d'encre \u00e0 grande vitesse et \u00e0 passage unique, ainsi qu'une suite de kits de d\u00e9veloppement logiciel (SDK) con\u00e7us pour am\u00e9liorer et rationaliser les flux de travail d'impression industrielle.","_seopress_robots_index":"","footnotes":""},"class_list":["post-45565","page","type-page","status-publish","hentry"],"acf":[],"_links":{"self":[{"href":"https:\/\/hybridsoftware.com\/fr\/wp-json\/wp\/v2\/pages\/45565","targetHints":{"allow":["GET"]}}],"collection":[{"href":"https:\/\/hybridsoftware.com\/fr\/wp-json\/wp\/v2\/pages"}],"about":[{"href":"https:\/\/hybridsoftware.com\/fr\/wp-json\/wp\/v2\/types\/page"}],"author":[{"embeddable":true,"href":"https:\/\/hybridsoftware.com\/fr\/wp-json\/wp\/v2\/users\/2"}],"replies":[{"embeddable":true,"href":"https:\/\/hybridsoftware.com\/fr\/wp-json\/wp\/v2\/comments?post=45565"}],"version-history":[{"count":1,"href":"https:\/\/hybridsoftware.com\/fr\/wp-json\/wp\/v2\/pages\/45565\/revisions"}],"predecessor-version":[{"id":55522,"href":"https:\/\/hybridsoftware.com\/fr\/wp-json\/wp\/v2\/pages\/45565\/revisions\/55522"}],"wp:attachment":[{"href":"https:\/\/hybridsoftware.com\/fr\/wp-json\/wp\/v2\/media?parent=45565"}],"curies":[{"name":"wp","href":"https:\/\/api.w.org\/{rel}","templated":true}]}}