{"id":45495,"date":"2024-07-08T17:01:55","date_gmt":"2024-07-08T15:01:55","guid":{"rendered":"https:\/\/hybridsoftware.com\/packz\/"},"modified":"2025-11-20T14:20:35","modified_gmt":"2025-11-20T13:20:35","slug":"packz","status":"publish","type":"page","link":"https:\/\/hybridsoftware.com\/fr\/packz\/","title":{"rendered":"Pr\u00e9sentation"},"content":{"rendered":"","protected":false},"excerpt":{"rendered":"","protected":false},"author":1,"featured_media":52031,"parent":0,"menu_order":101,"comment_status":"closed","ping_status":"closed","template":"","meta":{"_acf_changed":false,"_seopress_robots_primary_cat":"","_seopress_titles_title":"PACKZ, \u00e9diteur PDF professionnel pour la production d'emballages et d'\u00e9tiquettes %%sep%% %%sitetitle%%","_seopress_titles_desc":"D\u00e9couvrez PACKZ, un \u00e9diteur PDF complet offrant des outils pr\u00e9presse avanc\u00e9s pour la production d'emballages et d'\u00e9tiquettes, supportant \u00e0 la fois les m\u00e9thodes d'impression num\u00e9riques et conventionnelles.","_seopress_robots_index":"","footnotes":""},"class_list":["post-45495","page","type-page","status-publish","has-post-thumbnail","hentry"],"acf":[],"_links":{"self":[{"href":"https:\/\/hybridsoftware.com\/fr\/wp-json\/wp\/v2\/pages\/45495","targetHints":{"allow":["GET"]}}],"collection":[{"href":"https:\/\/hybridsoftware.com\/fr\/wp-json\/wp\/v2\/pages"}],"about":[{"href":"https:\/\/hybridsoftware.com\/fr\/wp-json\/wp\/v2\/types\/page"}],"author":[{"embeddable":true,"href":"https:\/\/hybridsoftware.com\/fr\/wp-json\/wp\/v2\/users\/1"}],"replies":[{"embeddable":true,"href":"https:\/\/hybridsoftware.com\/fr\/wp-json\/wp\/v2\/comments?post=45495"}],"version-history":[{"count":1,"href":"https:\/\/hybridsoftware.com\/fr\/wp-json\/wp\/v2\/pages\/45495\/revisions"}],"predecessor-version":[{"id":54512,"href":"https:\/\/hybridsoftware.com\/fr\/wp-json\/wp\/v2\/pages\/45495\/revisions\/54512"}],"wp:featuredmedia":[{"embeddable":true,"href":"https:\/\/hybridsoftware.com\/fr\/wp-json\/wp\/v2\/media\/52031"}],"wp:attachment":[{"href":"https:\/\/hybridsoftware.com\/fr\/wp-json\/wp\/v2\/media?parent=45495"}],"curies":[{"name":"wp","href":"https:\/\/api.w.org\/{rel}","templated":true}]}}