{"id":45468,"date":"2024-10-30T08:55:32","date_gmt":"2024-10-30T07:55:32","guid":{"rendered":"https:\/\/hybridsoftware.com\/soutien-de-packz\/"},"modified":"2025-07-22T11:56:43","modified_gmt":"2025-07-22T09:56:43","slug":"support","status":"publish","type":"page","link":"https:\/\/hybridsoftware.com\/fr\/packz\/support\/","title":{"rendered":"Support"},"content":{"rendered":"","protected":false},"excerpt":{"rendered":"","protected":false},"author":1,"featured_media":52031,"parent":45495,"menu_order":3,"comment_status":"closed","ping_status":"closed","template":"","meta":{"_acf_changed":false,"_seopress_robots_primary_cat":"","_seopress_titles_title":"PACKZ Support - Assistance d'experts pour les professionnels du pr\u00e9presse d'emballages %%sep%% %%sitetitle%%","_seopress_titles_desc":"Acc\u00e9dez \u00e0 un support d\u00e9di\u00e9 pour PACKZ by HYBRID Software, comprenant une assistance technique, des guides de d\u00e9pannage et des ressources pour optimiser vos flux de production d'emballages et d'\u00e9tiquettes.","_seopress_robots_index":"","footnotes":""},"class_list":["post-45468","page","type-page","status-publish","has-post-thumbnail","hentry"],"acf":[],"_links":{"self":[{"href":"https:\/\/hybridsoftware.com\/fr\/wp-json\/wp\/v2\/pages\/45468","targetHints":{"allow":["GET"]}}],"collection":[{"href":"https:\/\/hybridsoftware.com\/fr\/wp-json\/wp\/v2\/pages"}],"about":[{"href":"https:\/\/hybridsoftware.com\/fr\/wp-json\/wp\/v2\/types\/page"}],"author":[{"embeddable":true,"href":"https:\/\/hybridsoftware.com\/fr\/wp-json\/wp\/v2\/users\/1"}],"replies":[{"embeddable":true,"href":"https:\/\/hybridsoftware.com\/fr\/wp-json\/wp\/v2\/comments?post=45468"}],"version-history":[{"count":0,"href":"https:\/\/hybridsoftware.com\/fr\/wp-json\/wp\/v2\/pages\/45468\/revisions"}],"up":[{"embeddable":true,"href":"https:\/\/hybridsoftware.com\/fr\/wp-json\/wp\/v2\/pages\/45495"}],"wp:featuredmedia":[{"embeddable":true,"href":"https:\/\/hybridsoftware.com\/fr\/wp-json\/wp\/v2\/media\/52031"}],"wp:attachment":[{"href":"https:\/\/hybridsoftware.com\/fr\/wp-json\/wp\/v2\/media?parent=45468"}],"curies":[{"name":"wp","href":"https:\/\/api.w.org\/{rel}","templated":true}]}}