{"id":58139,"date":"2026-05-08T19:11:25","date_gmt":"2026-05-08T17:11:25","guid":{"rendered":"https:\/\/hybridsoftware.com\/automatice-la-serializacion-de-codigos-de-barras-para-amazon-transparency\/"},"modified":"2026-05-08T19:11:25","modified_gmt":"2026-05-08T17:11:25","slug":"automatice-la-serializacion-de-codigos-de-barras-para-amazon-transparency","status":"publish","type":"page","link":"https:\/\/hybridsoftware.com\/es\/automatice-la-serializacion-de-codigos-de-barras-para-amazon-transparency\/","title":{"rendered":"Automatice la serializaci\u00f3n de c\u00f3digos de barras para Amazon Transparency"},"content":{"rendered":"","protected":false},"excerpt":{"rendered":"","protected":false},"author":2,"featured_media":0,"parent":0,"menu_order":109,"comment_status":"closed","ping_status":"closed","template":"","meta":{"_acf_changed":false,"_seopress_robots_primary_cat":"","_seopress_titles_title":"Automatice la serializaci\u00f3n de c\u00f3digos de barras para Amazon Transparency","_seopress_titles_desc":"Tome el control de su serializaci\u00f3n de c\u00f3digos de barras para Amazon Transparency y GS1 Sunrise con Hybrid Software. A trav\u00e9s de nuestra robusta l\u00ednea de productos para la gesti\u00f3n de artwork, preprensa y flujo de trabajo de producci\u00f3n, genere, gestione e imprima c\u00f3digos de barras de Amazon Transparency a escala empresarial de forma fluida.","_seopress_robots_index":"","footnotes":""},"class_list":["post-58139","page","type-page","status-publish","hentry"],"acf":[],"_links":{"self":[{"href":"https:\/\/hybridsoftware.com\/es\/wp-json\/wp\/v2\/pages\/58139","targetHints":{"allow":["GET"]}}],"collection":[{"href":"https:\/\/hybridsoftware.com\/es\/wp-json\/wp\/v2\/pages"}],"about":[{"href":"https:\/\/hybridsoftware.com\/es\/wp-json\/wp\/v2\/types\/page"}],"author":[{"embeddable":true,"href":"https:\/\/hybridsoftware.com\/es\/wp-json\/wp\/v2\/users\/2"}],"replies":[{"embeddable":true,"href":"https:\/\/hybridsoftware.com\/es\/wp-json\/wp\/v2\/comments?post=58139"}],"version-history":[{"count":0,"href":"https:\/\/hybridsoftware.com\/es\/wp-json\/wp\/v2\/pages\/58139\/revisions"}],"wp:attachment":[{"href":"https:\/\/hybridsoftware.com\/es\/wp-json\/wp\/v2\/media?parent=58139"}],"curies":[{"name":"wp","href":"https:\/\/api.w.org\/{rel}","templated":true}]}}