{"id":57095,"date":"2026-02-13T19:05:48","date_gmt":"2026-02-13T18:05:48","guid":{"rendered":"https:\/\/hybridsoftware.com\/jaimes\/"},"modified":"2026-03-23T17:20:04","modified_gmt":"2026-03-23T16:20:04","slug":"jaimes","status":"publish","type":"page","link":"https:\/\/hybridsoftware.com\/es\/jaimes\/","title":{"rendered":"jAImes"},"content":{"rendered":"","protected":false},"excerpt":{"rendered":"","protected":false},"author":2,"featured_media":52034,"parent":0,"menu_order":101,"comment_status":"closed","ping_status":"closed","template":"","meta":{"_acf_changed":false,"_seopress_robots_primary_cat":"","_seopress_titles_title":"jAImes: automatizaci\u00f3n impulsada por IA para operaciones de impresi\u00f3n y embalaje","_seopress_titles_desc":"jAImes act\u00faa como un agente de IA, situ\u00e1ndose entre su saturada bandeja de entrada y su flujo de trabajo perfectamente sincronizado. Gestiona de forma inteligente mensajes complejos y archivos adjuntos de diversos formatos, extrayendo datos y mejorando su calidad para cumplir con los est\u00e1ndares requeridos por su ERP basado en l\u00f3gica y su portal de flujo de trabajo interno.","_seopress_robots_index":"","footnotes":""},"class_list":["post-57095","page","type-page","status-publish","has-post-thumbnail","hentry"],"acf":[],"_links":{"self":[{"href":"https:\/\/hybridsoftware.com\/es\/wp-json\/wp\/v2\/pages\/57095","targetHints":{"allow":["GET"]}}],"collection":[{"href":"https:\/\/hybridsoftware.com\/es\/wp-json\/wp\/v2\/pages"}],"about":[{"href":"https:\/\/hybridsoftware.com\/es\/wp-json\/wp\/v2\/types\/page"}],"author":[{"embeddable":true,"href":"https:\/\/hybridsoftware.com\/es\/wp-json\/wp\/v2\/users\/2"}],"replies":[{"embeddable":true,"href":"https:\/\/hybridsoftware.com\/es\/wp-json\/wp\/v2\/comments?post=57095"}],"version-history":[{"count":1,"href":"https:\/\/hybridsoftware.com\/es\/wp-json\/wp\/v2\/pages\/57095\/revisions"}],"predecessor-version":[{"id":57110,"href":"https:\/\/hybridsoftware.com\/es\/wp-json\/wp\/v2\/pages\/57095\/revisions\/57110"}],"wp:featuredmedia":[{"embeddable":true,"href":"https:\/\/hybridsoftware.com\/es\/wp-json\/wp\/v2\/media\/52034"}],"wp:attachment":[{"href":"https:\/\/hybridsoftware.com\/es\/wp-json\/wp\/v2\/media?parent=57095"}],"curies":[{"name":"wp","href":"https:\/\/api.w.org\/{rel}","templated":true}]}}