{"id":55600,"date":"2025-01-08T14:56:49","date_gmt":"2025-01-08T13:56:49","guid":{"rendered":"https:\/\/hybridsoftware.com\/acelere-su-salida-al-mercado\/"},"modified":"2026-02-24T10:09:06","modified_gmt":"2026-02-24T09:09:06","slug":"acelere-su-salida-al-mercado","status":"publish","type":"page","link":"https:\/\/hybridsoftware.com\/es\/acelere-su-salida-al-mercado\/","title":{"rendered":"Acelere su salida al mercado"},"content":{"rendered":"","protected":false},"excerpt":{"rendered":"","protected":false},"author":2,"featured_media":0,"parent":0,"menu_order":126,"comment_status":"closed","ping_status":"closed","template":"","meta":{"_acf_changed":false,"_seopress_robots_primary_cat":"","_seopress_titles_title":"Acelere el tiempo de comercializaci\u00f3n de su imprenta %%sep%% %%sitetitle%%","_seopress_titles_desc":"Descubra c\u00f3mo las innovadoras herramientas de HYBRID Software pueden optimizar sus flujos de trabajo de preimpresi\u00f3n e impresi\u00f3n, reduciendo el tiempo de comercializaci\u00f3n y mejorando la eficiencia de la producci\u00f3n.","_seopress_robots_index":"","footnotes":""},"class_list":["post-55600","page","type-page","status-publish","hentry"],"acf":[],"_links":{"self":[{"href":"https:\/\/hybridsoftware.com\/es\/wp-json\/wp\/v2\/pages\/55600","targetHints":{"allow":["GET"]}}],"collection":[{"href":"https:\/\/hybridsoftware.com\/es\/wp-json\/wp\/v2\/pages"}],"about":[{"href":"https:\/\/hybridsoftware.com\/es\/wp-json\/wp\/v2\/types\/page"}],"author":[{"embeddable":true,"href":"https:\/\/hybridsoftware.com\/es\/wp-json\/wp\/v2\/users\/2"}],"replies":[{"embeddable":true,"href":"https:\/\/hybridsoftware.com\/es\/wp-json\/wp\/v2\/comments?post=55600"}],"version-history":[{"count":1,"href":"https:\/\/hybridsoftware.com\/es\/wp-json\/wp\/v2\/pages\/55600\/revisions"}],"predecessor-version":[{"id":55613,"href":"https:\/\/hybridsoftware.com\/es\/wp-json\/wp\/v2\/pages\/55600\/revisions\/55613"}],"wp:attachment":[{"href":"https:\/\/hybridsoftware.com\/es\/wp-json\/wp\/v2\/media?parent=55600"}],"curies":[{"name":"wp","href":"https:\/\/api.w.org\/{rel}","templated":true}]}}