{"id":52832,"date":"2025-08-05T12:38:31","date_gmt":"2025-08-05T10:38:31","guid":{"rendered":"https:\/\/hybridsoftware.com\/ic3d\/ic3d-novedades\/"},"modified":"2025-08-05T12:38:31","modified_gmt":"2025-08-05T10:38:31","slug":"ic3d-novedades","status":"publish","type":"page","link":"https:\/\/hybridsoftware.com\/es\/ic3d\/ic3d-novedades\/","title":{"rendered":"iC3D: novedades"},"content":{"rendered":"","protected":false},"excerpt":{"rendered":"","protected":false},"author":2,"featured_media":52023,"parent":46048,"menu_order":1,"comment_status":"closed","ping_status":"closed","template":"","meta":{"_acf_changed":false,"_seopress_robots_primary_cat":"","_seopress_titles_title":"Ampl\u00ede sus capacidades de dise\u00f1o de envases con los m\u00f3dulos iC3D %%sep%% %%sitetitle%%","_seopress_titles_desc":"Explore los diversos m\u00f3dulos de iC3D, cada uno dise\u00f1ado para mejorar aspectos espec\u00edficos del dise\u00f1o y la visualizaci\u00f3n de envases, proporcionando soluciones a medida para los requisitos exclusivos de su proyecto.","_seopress_robots_index":"","footnotes":""},"class_list":["post-52832","page","type-page","status-publish","has-post-thumbnail","hentry"],"acf":[],"_links":{"self":[{"href":"https:\/\/hybridsoftware.com\/es\/wp-json\/wp\/v2\/pages\/52832","targetHints":{"allow":["GET"]}}],"collection":[{"href":"https:\/\/hybridsoftware.com\/es\/wp-json\/wp\/v2\/pages"}],"about":[{"href":"https:\/\/hybridsoftware.com\/es\/wp-json\/wp\/v2\/types\/page"}],"author":[{"embeddable":true,"href":"https:\/\/hybridsoftware.com\/es\/wp-json\/wp\/v2\/users\/2"}],"replies":[{"embeddable":true,"href":"https:\/\/hybridsoftware.com\/es\/wp-json\/wp\/v2\/comments?post=52832"}],"version-history":[{"count":0,"href":"https:\/\/hybridsoftware.com\/es\/wp-json\/wp\/v2\/pages\/52832\/revisions"}],"up":[{"embeddable":true,"href":"https:\/\/hybridsoftware.com\/es\/wp-json\/wp\/v2\/pages\/46048"}],"wp:featuredmedia":[{"embeddable":true,"href":"https:\/\/hybridsoftware.com\/es\/wp-json\/wp\/v2\/media\/52023"}],"wp:attachment":[{"href":"https:\/\/hybridsoftware.com\/es\/wp-json\/wp\/v2\/media?parent=52832"}],"curies":[{"name":"wp","href":"https:\/\/api.w.org\/{rel}","templated":true}]}}