{"id":46836,"date":"2024-12-22T17:59:03","date_gmt":"2024-12-22T16:59:03","guid":{"rendered":"https:\/\/hybridsoftware.com\/blog\/"},"modified":"2025-05-29T16:56:03","modified_gmt":"2025-05-29T14:56:03","slug":"blog","status":"publish","type":"page","link":"https:\/\/hybridsoftware.com\/es\/blog\/","title":{"rendered":"Blog"},"content":{"rendered":"","protected":false},"excerpt":{"rendered":"","protected":false},"author":1,"featured_media":0,"parent":0,"menu_order":124,"comment_status":"closed","ping_status":"closed","template":"","meta":{"_acf_changed":false,"_seopress_robots_primary_cat":"","_seopress_titles_title":"An\u00e1lisis y novedades sobre soluciones de preimpresi\u00f3n e impresi\u00f3n %%sep%% %%sitetitle%%","_seopress_titles_desc":"Mantente informado con las \u00faltimas novedades, noticias y actualizaciones del blog de HYBRID Software, que abarca temas sobre flujos de trabajo de preimpresi\u00f3n, tecnolog\u00edas de impresi\u00f3n y tendencias del sector.","_seopress_robots_index":"","footnotes":""},"class_list":["post-46836","page","type-page","status-publish","hentry"],"acf":[],"_links":{"self":[{"href":"https:\/\/hybridsoftware.com\/es\/wp-json\/wp\/v2\/pages\/46836","targetHints":{"allow":["GET"]}}],"collection":[{"href":"https:\/\/hybridsoftware.com\/es\/wp-json\/wp\/v2\/pages"}],"about":[{"href":"https:\/\/hybridsoftware.com\/es\/wp-json\/wp\/v2\/types\/page"}],"author":[{"embeddable":true,"href":"https:\/\/hybridsoftware.com\/es\/wp-json\/wp\/v2\/users\/1"}],"replies":[{"embeddable":true,"href":"https:\/\/hybridsoftware.com\/es\/wp-json\/wp\/v2\/comments?post=46836"}],"version-history":[{"count":0,"href":"https:\/\/hybridsoftware.com\/es\/wp-json\/wp\/v2\/pages\/46836\/revisions"}],"wp:attachment":[{"href":"https:\/\/hybridsoftware.com\/es\/wp-json\/wp\/v2\/media?parent=46836"}],"curies":[{"name":"wp","href":"https:\/\/api.w.org\/{rel}","templated":true}]}}