{"id":46669,"date":"2025-02-24T10:11:59","date_gmt":"2025-02-24T09:11:59","guid":{"rendered":"https:\/\/hybridsoftware.com\/testimonios\/"},"modified":"2025-08-08T13:16:26","modified_gmt":"2025-08-08T11:16:26","slug":"testimonios","status":"publish","type":"page","link":"https:\/\/hybridsoftware.com\/es\/testimonios\/","title":{"rendered":"Testimonios"},"content":{"rendered":"","protected":false},"excerpt":{"rendered":"","protected":false},"author":1,"featured_media":0,"parent":0,"menu_order":131,"comment_status":"closed","ping_status":"closed","template":"","meta":{"_acf_changed":false,"_seopress_robots_primary_cat":"","_seopress_titles_title":"Testimonios: Opiniones de nuestros clientes satisfechos %%sep%% %%sitetitle%%","_seopress_titles_desc":"Explora los testimonios de clientes de HYBRID Software en todo el mundo, que muestran c\u00f3mo nuestras soluciones innovadoras han optimizado sus flujos de trabajo de preimpresi\u00f3n e impresi\u00f3n, mejorado la eficacia y ofrecido resultados excepcionales.","_seopress_robots_index":"","footnotes":""},"class_list":["post-46669","page","type-page","status-publish","hentry"],"acf":[],"_links":{"self":[{"href":"https:\/\/hybridsoftware.com\/es\/wp-json\/wp\/v2\/pages\/46669","targetHints":{"allow":["GET"]}}],"collection":[{"href":"https:\/\/hybridsoftware.com\/es\/wp-json\/wp\/v2\/pages"}],"about":[{"href":"https:\/\/hybridsoftware.com\/es\/wp-json\/wp\/v2\/types\/page"}],"author":[{"embeddable":true,"href":"https:\/\/hybridsoftware.com\/es\/wp-json\/wp\/v2\/users\/1"}],"replies":[{"embeddable":true,"href":"https:\/\/hybridsoftware.com\/es\/wp-json\/wp\/v2\/comments?post=46669"}],"version-history":[{"count":0,"href":"https:\/\/hybridsoftware.com\/es\/wp-json\/wp\/v2\/pages\/46669\/revisions"}],"wp:attachment":[{"href":"https:\/\/hybridsoftware.com\/es\/wp-json\/wp\/v2\/media?parent=46669"}],"curies":[{"name":"wp","href":"https:\/\/api.w.org\/{rel}","templated":true}]}}