{"id":46243,"date":"2025-02-06T11:49:45","date_gmt":"2025-02-06T10:49:45","guid":{"rendered":"https:\/\/hybridsoftware.com\/packzflow\/packzflow-soporte\/"},"modified":"2025-07-22T18:21:53","modified_gmt":"2025-07-22T16:21:53","slug":"packzflow-soporte","status":"publish","type":"page","link":"https:\/\/hybridsoftware.com\/es\/packzflow\/packzflow-soporte\/","title":{"rendered":"PACKZFLOW Soporte"},"content":{"rendered":"","protected":false},"excerpt":{"rendered":"","protected":false},"author":2,"featured_media":52040,"parent":46241,"menu_order":101,"comment_status":"closed","ping_status":"closed","template":"","meta":{"_acf_changed":false,"_seopress_robots_primary_cat":"","_seopress_titles_title":"Descubra las \u00faltimas funciones y mejoras de PACKZ %%sep%% %%sitetitle%%","_seopress_titles_desc":"Inf\u00f3rmese sobre las \u00faltimas funciones y mejoras de PACKZ by HYBRID Software, dise\u00f1adas para mejorar su flujo de producci\u00f3n de envases y etiquetas.","_seopress_robots_index":"","footnotes":""},"class_list":["post-46243","page","type-page","status-publish","has-post-thumbnail","hentry"],"acf":[],"_links":{"self":[{"href":"https:\/\/hybridsoftware.com\/es\/wp-json\/wp\/v2\/pages\/46243","targetHints":{"allow":["GET"]}}],"collection":[{"href":"https:\/\/hybridsoftware.com\/es\/wp-json\/wp\/v2\/pages"}],"about":[{"href":"https:\/\/hybridsoftware.com\/es\/wp-json\/wp\/v2\/types\/page"}],"author":[{"embeddable":true,"href":"https:\/\/hybridsoftware.com\/es\/wp-json\/wp\/v2\/users\/2"}],"replies":[{"embeddable":true,"href":"https:\/\/hybridsoftware.com\/es\/wp-json\/wp\/v2\/comments?post=46243"}],"version-history":[{"count":0,"href":"https:\/\/hybridsoftware.com\/es\/wp-json\/wp\/v2\/pages\/46243\/revisions"}],"up":[{"embeddable":true,"href":"https:\/\/hybridsoftware.com\/es\/wp-json\/wp\/v2\/pages\/46241"}],"wp:featuredmedia":[{"embeddable":true,"href":"https:\/\/hybridsoftware.com\/es\/wp-json\/wp\/v2\/media\/52040"}],"wp:attachment":[{"href":"https:\/\/hybridsoftware.com\/es\/wp-json\/wp\/v2\/media?parent=46243"}],"curies":[{"name":"wp","href":"https:\/\/api.w.org\/{rel}","templated":true}]}}