{"id":46241,"date":"2025-01-27T17:18:19","date_gmt":"2025-01-27T16:18:19","guid":{"rendered":"https:\/\/hybridsoftware.com\/packzflow\/"},"modified":"2025-08-04T17:07:16","modified_gmt":"2025-08-04T15:07:16","slug":"packzflow","status":"publish","type":"page","link":"https:\/\/hybridsoftware.com\/es\/packzflow\/","title":{"rendered":"PACKZFLOW"},"content":{"rendered":"","protected":false},"excerpt":{"rendered":"","protected":false},"author":2,"featured_media":52040,"parent":0,"menu_order":101,"comment_status":"closed","ping_status":"closed","template":"","meta":{"_acf_changed":false,"_seopress_robots_primary_cat":"","_seopress_titles_title":"PACKZFLOW - Flujo de trabajo de preimpresi\u00f3n automatizado para envases y etiquetas %%sep%% %%sitetitle%%","_seopress_titles_desc":"Descubra PACKZFLOW, una soluci\u00f3n automatizada de flujo de trabajo de preimpresi\u00f3n que se integra con PACKZ para agilizar la producci\u00f3n de envases y etiquetas, mejorando la eficacia y reduciendo los errores.","_seopress_robots_index":"","footnotes":""},"class_list":["post-46241","page","type-page","status-publish","has-post-thumbnail","hentry"],"acf":[],"_links":{"self":[{"href":"https:\/\/hybridsoftware.com\/es\/wp-json\/wp\/v2\/pages\/46241","targetHints":{"allow":["GET"]}}],"collection":[{"href":"https:\/\/hybridsoftware.com\/es\/wp-json\/wp\/v2\/pages"}],"about":[{"href":"https:\/\/hybridsoftware.com\/es\/wp-json\/wp\/v2\/types\/page"}],"author":[{"embeddable":true,"href":"https:\/\/hybridsoftware.com\/es\/wp-json\/wp\/v2\/users\/2"}],"replies":[{"embeddable":true,"href":"https:\/\/hybridsoftware.com\/es\/wp-json\/wp\/v2\/comments?post=46241"}],"version-history":[{"count":0,"href":"https:\/\/hybridsoftware.com\/es\/wp-json\/wp\/v2\/pages\/46241\/revisions"}],"wp:featuredmedia":[{"embeddable":true,"href":"https:\/\/hybridsoftware.com\/es\/wp-json\/wp\/v2\/media\/52040"}],"wp:attachment":[{"href":"https:\/\/hybridsoftware.com\/es\/wp-json\/wp\/v2\/media?parent=46241"}],"curies":[{"name":"wp","href":"https:\/\/api.w.org\/{rel}","templated":true}]}}